{"id":19354,"date":"2021-12-29T12:30:38","date_gmt":"2021-12-29T10:30:38","guid":{"rendered":"https:\/\/www.seawayclothing.ee\/about-us\/"},"modified":"2021-12-30T11:31:36","modified_gmt":"2021-12-30T09:31:36","slug":"about-us","status":"publish","type":"page","link":"https:\/\/www.seawayclothing.ee\/en\/about-us\/","title":{"rendered":"About Us"},"content":{"rendered":"<p>[vc_row][vc_column][vc_column_text]<\/p>\n<h2 style=\"text-align: center;\">Seaway Clothing O\u00dc<\/h2>\n<p>&nbsp;<\/p>\n<p style=\"text-align: center;\">Seaway Clothing on veep\u00e4\u00e4stevahenditega tegelev ettev\u00f5te Eestis. Eesm\u00e4rgiks on, et inimestel oleks mugav ja ohutu liigelda, veeta aega erinevatel vees\u00f5idukitel. Ujuvusabiga tooted aitavad v\u00e4ltida v\u00f5imalikku uppumist vee\u00f5nnetuse korral. Pakume kvaliteetseid tooteid nii harrastajatele kui ka professionaalidele ning neid k\u00f5ige parema hinnaga<\/p>\n<p>[\/vc_column_text][\/vc_column][\/vc_row]<\/p>\n","protected":false},"excerpt":{"rendered":"<p>[vc_row][vc_column][vc_column_text] Seaway Clothing O\u00dc &nbsp; Seaway Clothing on veep\u00e4\u00e4stevahenditega tegelev ettev\u00f5te Eestis. Eesm\u00e4rgiks on, et inimestel oleks mugav ja ohutu liigelda, veeta aega erinevatel vees\u00f5idukitel. Ujuvusabiga tooted aitavad v\u00e4ltida v\u00f5imalikku uppumist vee\u00f5nnetuse korral. Pakume kvaliteetseid tooteid nii harrastajatele kui ka professionaalidele ning neid k\u00f5ige parema hinnaga [\/vc_column_text][\/vc_column][\/vc_row]<\/p>\n","protected":false},"author":4,"featured_media":0,"parent":0,"menu_order":50,"comment_status":"closed","ping_status":"closed","template":"","meta":{"_mi_skip_tracking":false,"_monsterinsights_sitenote_active":false,"_monsterinsights_sitenote_note":"","_monsterinsights_sitenote_category":0},"acf":[],"yoast_head":"<!-- This site is optimized with the Yoast SEO plugin v20.6 - https:\/\/yoast.com\/wordpress\/plugins\/seo\/ -->\n<title>About Us - Seaway Clothing<\/title>\n<meta name=\"robots\" content=\"noindex, follow, max-snippet:-1, max-image-preview:large, max-video-preview:-1\" \/>\n<meta property=\"og:locale\" content=\"en_US\" \/>\n<meta property=\"og:type\" content=\"article\" \/>\n<meta property=\"og:title\" content=\"About Us - Seaway Clothing\" \/>\n<meta property=\"og:description\" content=\"[vc_row][vc_column][vc_column_text] Seaway Clothing O\u00dc &nbsp; Seaway Clothing on veep\u00e4\u00e4stevahenditega tegelev ettev\u00f5te Eestis. Eesm\u00e4rgiks on, et inimestel oleks mugav ja ohutu liigelda, veeta aega erinevatel vees\u00f5idukitel. Ujuvusabiga tooted aitavad v\u00e4ltida v\u00f5imalikku uppumist vee\u00f5nnetuse korral. Pakume kvaliteetseid tooteid nii harrastajatele kui ka professionaalidele ning neid k\u00f5ige parema hinnaga [\/vc_column_text][\/vc_column][\/vc_row]\" \/>\n<meta property=\"og:url\" content=\"https:\/\/www.seawayclothing.ee\/en\/about-us\/\" \/>\n<meta property=\"og:site_name\" content=\"Seaway Clothing\" \/>\n<meta property=\"article:modified_time\" content=\"2021-12-30T09:31:36+00:00\" \/>\n<meta name=\"twitter:card\" content=\"summary_large_image\" \/>\n<script type=\"application\/ld+json\" class=\"yoast-schema-graph\">{\"@context\":\"https:\/\/schema.org\",\"@graph\":[{\"@type\":\"WebPage\",\"@id\":\"https:\/\/www.seawayclothing.ee\/en\/about-us\/\",\"url\":\"https:\/\/www.seawayclothing.ee\/en\/about-us\/\",\"name\":\"About Us - Seaway Clothing\",\"isPartOf\":{\"@id\":\"https:\/\/www.seawayclothing.ee\/en\/#website\"},\"datePublished\":\"2021-12-29T10:30:38+00:00\",\"dateModified\":\"2021-12-30T09:31:36+00:00\",\"breadcrumb\":{\"@id\":\"https:\/\/www.seawayclothing.ee\/en\/about-us\/#breadcrumb\"},\"inLanguage\":\"en-US\",\"potentialAction\":[{\"@type\":\"ReadAction\",\"target\":[\"https:\/\/www.seawayclothing.ee\/en\/about-us\/\"]}]},{\"@type\":\"BreadcrumbList\",\"@id\":\"https:\/\/www.seawayclothing.ee\/en\/about-us\/#breadcrumb\",\"itemListElement\":[{\"@type\":\"ListItem\",\"position\":1,\"name\":\"Home page\",\"item\":\"https:\/\/www.seawayclothing.ee\/en\/\"},{\"@type\":\"ListItem\",\"position\":2,\"name\":\"About Us\"}]},{\"@type\":\"WebSite\",\"@id\":\"https:\/\/www.seawayclothing.ee\/en\/#website\",\"url\":\"https:\/\/www.seawayclothing.ee\/en\/\",\"name\":\"Seaway Clothing\",\"description\":\"\",\"publisher\":{\"@id\":\"https:\/\/www.seawayclothing.ee\/en\/#organization\"},\"potentialAction\":[{\"@type\":\"SearchAction\",\"target\":{\"@type\":\"EntryPoint\",\"urlTemplate\":\"https:\/\/www.seawayclothing.ee\/en\/?s={search_term_string}\"},\"query-input\":\"required name=search_term_string\"}],\"inLanguage\":\"en-US\"},{\"@type\":\"Organization\",\"@id\":\"https:\/\/www.seawayclothing.ee\/en\/#organization\",\"name\":\"Seaway Clothing\",\"url\":\"https:\/\/www.seawayclothing.ee\/en\/\",\"logo\":{\"@type\":\"ImageObject\",\"inLanguage\":\"en-US\",\"@id\":\"https:\/\/www.seawayclothing.ee\/en\/#\/schema\/logo\/image\/\",\"url\":\"https:\/\/www.seawayclothing.ee\/wp-content\/uploads\/2021\/12\/cropped-logo.white_.png\",\"contentUrl\":\"https:\/\/www.seawayclothing.ee\/wp-content\/uploads\/2021\/12\/cropped-logo.white_.png\",\"width\":500,\"height\":189,\"caption\":\"Seaway Clothing\"},\"image\":{\"@id\":\"https:\/\/www.seawayclothing.ee\/en\/#\/schema\/logo\/image\/\"}}]}<\/script>\n<!-- \/ Yoast SEO plugin. -->","yoast_head_json":{"title":"About Us - Seaway Clothing","robots":{"index":"noindex","follow":"follow","max-snippet":"max-snippet:-1","max-image-preview":"max-image-preview:large","max-video-preview":"max-video-preview:-1"},"og_locale":"en_US","og_type":"article","og_title":"About Us - Seaway Clothing","og_description":"[vc_row][vc_column][vc_column_text] Seaway Clothing O\u00dc &nbsp; Seaway Clothing on veep\u00e4\u00e4stevahenditega tegelev ettev\u00f5te Eestis. Eesm\u00e4rgiks on, et inimestel oleks mugav ja ohutu liigelda, veeta aega erinevatel vees\u00f5idukitel. Ujuvusabiga tooted aitavad v\u00e4ltida v\u00f5imalikku uppumist vee\u00f5nnetuse korral. Pakume kvaliteetseid tooteid nii harrastajatele kui ka professionaalidele ning neid k\u00f5ige parema hinnaga [\/vc_column_text][\/vc_column][\/vc_row]","og_url":"https:\/\/www.seawayclothing.ee\/en\/about-us\/","og_site_name":"Seaway Clothing","article_modified_time":"2021-12-30T09:31:36+00:00","twitter_card":"summary_large_image","schema":{"@context":"https:\/\/schema.org","@graph":[{"@type":"WebPage","@id":"https:\/\/www.seawayclothing.ee\/en\/about-us\/","url":"https:\/\/www.seawayclothing.ee\/en\/about-us\/","name":"About Us - Seaway Clothing","isPartOf":{"@id":"https:\/\/www.seawayclothing.ee\/en\/#website"},"datePublished":"2021-12-29T10:30:38+00:00","dateModified":"2021-12-30T09:31:36+00:00","breadcrumb":{"@id":"https:\/\/www.seawayclothing.ee\/en\/about-us\/#breadcrumb"},"inLanguage":"en-US","potentialAction":[{"@type":"ReadAction","target":["https:\/\/www.seawayclothing.ee\/en\/about-us\/"]}]},{"@type":"BreadcrumbList","@id":"https:\/\/www.seawayclothing.ee\/en\/about-us\/#breadcrumb","itemListElement":[{"@type":"ListItem","position":1,"name":"Home page","item":"https:\/\/www.seawayclothing.ee\/en\/"},{"@type":"ListItem","position":2,"name":"About Us"}]},{"@type":"WebSite","@id":"https:\/\/www.seawayclothing.ee\/en\/#website","url":"https:\/\/www.seawayclothing.ee\/en\/","name":"Seaway Clothing","description":"","publisher":{"@id":"https:\/\/www.seawayclothing.ee\/en\/#organization"},"potentialAction":[{"@type":"SearchAction","target":{"@type":"EntryPoint","urlTemplate":"https:\/\/www.seawayclothing.ee\/en\/?s={search_term_string}"},"query-input":"required name=search_term_string"}],"inLanguage":"en-US"},{"@type":"Organization","@id":"https:\/\/www.seawayclothing.ee\/en\/#organization","name":"Seaway Clothing","url":"https:\/\/www.seawayclothing.ee\/en\/","logo":{"@type":"ImageObject","inLanguage":"en-US","@id":"https:\/\/www.seawayclothing.ee\/en\/#\/schema\/logo\/image\/","url":"https:\/\/www.seawayclothing.ee\/wp-content\/uploads\/2021\/12\/cropped-logo.white_.png","contentUrl":"https:\/\/www.seawayclothing.ee\/wp-content\/uploads\/2021\/12\/cropped-logo.white_.png","width":500,"height":189,"caption":"Seaway Clothing"},"image":{"@id":"https:\/\/www.seawayclothing.ee\/en\/#\/schema\/logo\/image\/"}}]}},"_links":{"self":[{"href":"https:\/\/www.seawayclothing.ee\/en\/wp-json\/wp\/v2\/pages\/19354"}],"collection":[{"href":"https:\/\/www.seawayclothing.ee\/en\/wp-json\/wp\/v2\/pages"}],"about":[{"href":"https:\/\/www.seawayclothing.ee\/en\/wp-json\/wp\/v2\/types\/page"}],"author":[{"embeddable":true,"href":"https:\/\/www.seawayclothing.ee\/en\/wp-json\/wp\/v2\/users\/4"}],"replies":[{"embeddable":true,"href":"https:\/\/www.seawayclothing.ee\/en\/wp-json\/wp\/v2\/comments?post=19354"}],"version-history":[{"count":1,"href":"https:\/\/www.seawayclothing.ee\/en\/wp-json\/wp\/v2\/pages\/19354\/revisions"}],"predecessor-version":[{"id":19355,"href":"https:\/\/www.seawayclothing.ee\/en\/wp-json\/wp\/v2\/pages\/19354\/revisions\/19355"}],"wp:attachment":[{"href":"https:\/\/www.seawayclothing.ee\/en\/wp-json\/wp\/v2\/media?parent=19354"}],"curies":[{"name":"wp","href":"https:\/\/api.w.org\/{rel}","templated":true}]}}