{"id":20309,"date":"2022-01-04T15:09:34","date_gmt":"2022-01-04T13:09:34","guid":{"rendered":"https:\/\/www.seawayclothing.ee\/terms-of-purchase\/"},"modified":"2022-01-04T15:09:34","modified_gmt":"2022-01-04T13:09:34","slug":"terms-of-purchase","status":"publish","type":"page","link":"https:\/\/www.seawayclothing.ee\/en\/terms-of-purchase\/","title":{"rendered":"Terms of purchase"},"content":{"rendered":"<p>[vc_row][vc_column width=&#8221;1\/2&#8243;][vc_column_text]<\/p>\n<h4>\u00dcLDTINGIMUSED<\/h4>\n<ul>\n<li>Tingimused kehtivad \u00f5igussuhetele, mis tekivad kliendi (edaspidi Klient) ja internetiaadressil<a href=\"https:\/\/www.seawayclothing.ee\/en\/\">\u00a0www.seawayclothing.ee<\/a>\u00a0asuva ostukeskkonna (edaspidi E-pood) omaniku Seaway Clothing O\u00dc (edaspidi M\u00fc\u00fcja) vahel seoses E-poest toodete ostmisega. Lisaks k\u00e4esolevatele tingimustele reguleerivad E-poest Toodete ostmisel tekkivaid \u00f5igussuhteid Eesti Vabariigis kehtivad \u00f5igusaktid.<\/li>\n<li>M\u00fc\u00fcja v\u00f5ib muuta e-poe kasutustingimusi ja toodete ning teenuste hindasid. M\u00fc\u00fcja annab muudatustest teada internetilehek\u00fcljel <a href=\"https:\/\/www.seawayclothing.ee\/en\/\">www.seawayclothing.ee<\/a>\u00a0. Tehingule rakendatakse tehingu toimumise hetkel kehtivaid tingimusi ja hindu.<\/li>\n<\/ul>\n<h4>MAKSEV\u00d5IMALUSED<\/h4>\n<ul>\n<li>Klient saab tellimuse eest tasuda Seaway Clothing\u00a0arveldusarvele EE972200221066221369\u00a0 Swedbank. \u00a0<strong>Selgitusse<\/strong> <strong>palume m\u00e4rkida Tellimuse number<\/strong>. Peale makse laekumist Seaway Clothing arveldusarvele saadetakse Teile e-postile maksekinnitus, mis t\u00e4hendab, et Teie makse on edukalt sooritatud ja Teie tellimus on v\u00f5etud t\u00f6\u00f6sse.<\/li>\n<li>Kliendil on v\u00f5imalus maksta kohapeal sularahas, \u00a0kui tellimuses on m\u00e4rgitud &#8221;Tulen ise j\u00e4rgi&#8221;.<\/li>\n<li>Makse tegemine\u00a0 toimub v\u00e4ljaspool Seaway Clothing e-poe keskkonda. Seaway Clothing e-poel puudub ligip\u00e4\u00e4s kliendi panga- ja krediitkaardiandmetele.<\/li>\n<li>Kui kauba eest tasub keegi teine, siis palume kindlasti m\u00e4rkide maksekorralduse selgitusse <strong>tellimuse number ja isiku nimi,\u00a0<\/strong>kelle eest arve tasuti.<\/li>\n<\/ul>\n<h4>HINNAD<\/h4>\n<ul>\n<li>Seaway Clothing O\u00dc on k\u00e4ibemaksukohuslane (KMKR nr: EE101951362)<\/li>\n<li>K\u00f5ik hinnad on Eurodes ja sisaldavad k\u00e4ibemaksu 20%.<\/li>\n<li>Ostudele lisandub transpordi hind vastavalt Ostja valitud tarneviisile. (SmartPost 2.99 eurot; Omniva postiautomaat 2,89 eurot).<\/li>\n<li>Seaway Clothing O\u00dc j\u00e4tab endale \u00f5iguse korrigeerida hindu. Kui Klient edastas oma tellimuse enne hinna muudatuste j\u00f5ustumist, siis tema jaoks kehtib hind, mis oli m\u00e4rgitud ostukorvis tellimuse vormistamise hetkel.<\/li>\n<\/ul>\n<h4>TOOTED JA TOODETE SAADAVUS<\/h4>\n<ul>\n<li>E-poes kuvatavad Tooted on reeglina laos\/m\u00fc\u00fcja kaupluses olemas. Nimetatud Toodete saadavust ei tagata, kuna see v\u00f5ib olla ekslik seoses v\u00f5imalike tehniliste probleemidega programmides.<\/li>\n<li>Juhul, kui Klient esitab tellimuse, kuid ilmneb, et antud Toode M\u00fc\u00fcjal puudub, \u00a0teatame Teile\u00a0kiirema v\u00f5imaliku tarneaja e-meili v\u00f5i telefoni teel. \u00a0Kui selgub, et<br \/>\nE-poel ei ole v\u00f5imalik antud tellimust t\u00e4ita tagastatakse Kliendile kogu ostusumma kohe peale toote puudumise selgumistt.<\/li>\n<li>E-poes kuvatavad fotod Toodetest on illustratiivse t\u00e4hendusega ning v\u00f5ivad v\u00e4hesel m\u00e4\u00e4ral tahtmatult erineda Toote tegelikust v\u00e4ljan\u00e4gemisest.<\/li>\n<\/ul>\n<h4>OSTUSOORITAMINE<\/h4>\n<ul>\n<li>Klient valib E-poes v\u00e4lja soovitud Toote ning lisab selle ostukorvi, klikkides nupul \u201cLisa korvi\u201d.<\/li>\n<li>Seej\u00e4rel suunatakse Klient ostukorvi<\/li>\n<li>Tellimuse j\u00e4tkamiseks, vajutada &#8221;J\u00e4tka ostmist&#8221;<\/li>\n<li>Tellimuse vormistamiseks tuleb Kliendil liikuda Ostukorvile: valides sobiva Tarne viisi, seej\u00e4rel vajutada &#8221;Mine kassase&#8221; misj\u00e4rel suunatakse Klient tellimuse vormistamise lehele.<\/li>\n<li>P\u00e4rast n\u00f5utud andmete sisestamist \u00a0ja andmete \u00f5igsuse kontrollimist edastab\u00a0Klient tellimuse klikkides \u201eEdasta tellimus\u201c. Peale antud tegevust on tellimus m\u00fc\u00fcjale edastatud.<\/li>\n<li>Klient tasub Toote eest koheselt panga\u00fclekandega &#8211; Tasumine tellimuse alusel!<\/li>\n<li>P\u00e4rast Toote eest tasumist saadab E-pood Kliendi e-postile makse kinnituse.<\/li>\n<li>Klient kohustub tellimuse vormistamisel esitama tellimuse t\u00e4itmiseks vajalikud, t\u00f5esed andmed.<\/li>\n<li>M\u00fc\u00fcja ei vastuta tellimuse t\u00e4itmisel Kliendi poolt esitatud ebakorrektsetest andmetest tingitud t\u00e4itmise v\u00f5imatuse v\u00f5i mistahes sellest tulenevate tagaj\u00e4rgede eest.<\/li>\n<\/ul>\n<h4>KOHALETOIMETAMINE<\/h4>\n<ul>\n<li>Tooted j\u00f5uavad Kliendi valitud pakiautomaati\u00a0<strong>1-5 t\u00f6\u00f6p\u00e4eva jooksul<\/strong>\u00a0alates makse kinnituse saamisest. Toote kohalej\u00f5udmisest pakiautomaati teavitatakse Klienti SMS-iga, mis sisaldab uksekoodi, ning hoiut\u00e4htaja l\u00f5ppu.<br \/>\nAutomaadid on avatud 24 tundi ja asuvad\u00a0tavaliselt erinevate ostukeskuste peauste l\u00e4heduses.<\/li>\n<\/ul>\n<p>[\/vc_column_text][\/vc_column][vc_column width=&#8221;1\/2&#8243;][vc_column_text css=&#8221;.vc_custom_1639379849835{margin-left: 30px !important;}&#8221;]<\/p>\n<h4><strong>TAGASTAMINE\u00a0<\/strong><\/h4>\n<ul>\n<li>\u00a0Kaupa on v\u00f5imalik tagastada v\u00f5i \u00fcmber vahetada 14 p\u00e4eva jooksul alates toote k\u00e4tte saamise p\u00e4evast.<\/li>\n<li>Kahen\u00e4dalane tagastusperiood kehtib ainult nendele kaupadele, mis on ostetud e-poe keskonnas. Kauplustest ostetud toodetele seaduslik taganemisperiood ei kehti.<\/li>\n<li>Kaup ei tohi olla kasutatud. Rikutud v\u00f5i sildita kaup tagastamisele ei kuulu.<\/li>\n<li>Tagastatud kauba eest tagastatakse raha hiljemalt 14 p\u00e4eva jooksul alates tagastamissoovi k\u00e4ttetoimetamisest Seaway Clothing O\u00dc&#8217;le.<\/li>\n<li>Tagastamistingimuste j\u00e4rgi makstakse Kliendile tagasi raha tagastatud kauba eest. Siinkohal soovime juhtida teie t\u00e4helepanu sellele, et vastavalt V\u00d5S \u00a7 561 lg 1 tagastab M\u00fc\u00fcja k\u00f5ik tarbijalt lepingu alusel saadud tasud, muu hulgas Klieni kantud asja k\u00e4ttetoimetamise kulud.<\/li>\n<li>N\u00f5uetele mittevastavate toodete tagastamine:<br \/>\n-Vastavalt V\u00f5la\u00f5igusseadusele on Kliendil \u00f5igus pretensiooni esitada kahe aasta jooksul alates kauba k\u00e4ttesaamisest, sellest kuue esimese kuu jooksul tekkinud defekti puhul eeldatakse, et see oli olemas ostmise momendil ning defekti iseloomu peab v\u00e4lja selgitama m\u00fc\u00fcja.<br \/>\n&#8211; Kui defekt on tehnoloogilise iseloomuga, siis v\u00f5ib Klient n\u00f5uda toote parandamist, parandamise v\u00f5imatuse ja ebaefektiivsuse korral toote asendamist v\u00f5i raha tagastamist.<br \/>\n&#8211; Ootamatu defekti ilmnemisel peab Klient hiljemalt 2 kuu jooksul peale defekti ilmnemist saatma vastavasisulise teate esimesel v\u00f5imalusel e-mailile\u00a0info@seaway.ee<br \/>\n&#8211; Ilma m\u00f5juva p\u00f5hjuseta nimetatud t\u00e4htajal ilmnenud defekti kohta mitte teatamise korral ei ole Kliendil \u00f5igus Seaway Clothing O\u00dc-lt n\u00f5uda toote parandamist ega vahetamist. Saadetav teade peab sisaldama tellimuse koopiat, kliendi nime ja kontaktandmeid, kaebuse esitamise kuup\u00e4eva, Seaway Clothing\u00a0O\u00dc-le esitatavat n\u00f5uet ja v\u00f5imalusel fotosid.<br \/>\n&#8211; Seaway Clothing O\u00dc ei vastuta: kliendi s\u00fc\u00fcl toote halvenemise\/kahjustumise eest;defekti eest, mis on tekkinud toote mittekorrap\u00e4rase kasutamise tagaj\u00e4rjel; toote loomuliku f\u00fc\u00fcsilise kulumise eest selle tavalise kasutamise korral.<\/li>\n<li>Kirjalikus v\u00f5i kirjalikku taasesitamist v\u00f5imaldavas vormis (nt e-post) kaebuses tuleb m\u00e4rkida:<br \/>\n1) tarbija nimi ja kontaktandmed;<br \/>\n2) kaebuse esitamise kuup\u00e4ev;<br \/>\n3) kauba v\u00f5i teenuse puudus;<br \/>\n4) ettev\u00f5tjale esitatav n\u00f5ue;<br \/>\n5) viidata tuleb tehingu sooritamist t\u00f5endavale dokumendile v\u00f5i lisada selle koopia kaebusele.<\/li>\n<li>Tarbija saab lepingu eseme lepingutingimustele mittevastavuse korral tugineda seaduses s\u00e4testatud \u00f5iguskaitsevahenditele.<\/li>\n<li>Taganemise avalduse t\u00fc\u00fcpvorm on saadaval <a href=\"https:\/\/www.riigiteataja.ee\/aktilisa\/1030\/1201\/4001\/JM_m41_lisa1.pdf#\">SIIT<\/a><\/li>\n<\/ul>\n<h4><strong>PRIVAATSUSPOLIITIKA &#8211; ISIKUANDMED JA NENDE KASUTAMINE.\u00a0<\/strong><\/h4>\n<ul>\n<li>Klient annab M\u00fc\u00fcjale selge ja teadliku n\u00f5usoleku oma<a href=\"https:\/\/www.seawayclothing.ee\/isikuandmete-tootlemine\/\"> isikuandmete t\u00f6\u00f6tlemiseks<\/a>.<\/li>\n<li>M\u00fc\u00fcja s\u00e4ilitab Kliendi kohta ostude sooritamise k\u00e4igus Kliendi poolt sisestatud kontaktandmed ja info sooritatud ostude kohta. Seda infot k\u00e4sitletakse konfidentsiaalsena ja t\u00f6\u00f6deldakse koosk\u00f5las isikuandmete kaitse seadusega. Isikuandmed, mis on vajalikud Toodete Kliendile saatmiseks, edastakse kulleriteenust osutavale ettev\u00f5ttele.<\/li>\n<li>Makse teostamine toimub v\u00e4ljaspool E-poe keskkonda, vastava panga maksekeskkonnas. E-poel puudub ligip\u00e4\u00e4s Kliendi pangaandmetele ja krediitkaardi andmetele.<\/li>\n<li>Loe lisa &#8211; <a href=\"https:\/\/www.seawayclothing.ee\/isikuandmete-tootlemine\/\">Isikuandmete t\u00f6\u00f6tlemine.<\/a><\/li>\n<\/ul>\n<h4><strong>KASUTAJATINGIMUSED<\/strong><\/h4>\n<ul>\n<li>E-poes ostu sooritades n\u00f5ustub Klient E-poe kasutustingimustega ja kohustub neid t\u00e4itma.<\/li>\n<li>M\u00fc\u00fcja ja Kliendi vahel j\u00f5ustub m\u00fc\u00fcgileping alates tasumisele kuuluva ostusumma laekumisest M\u00fc\u00fcja arvelduskontole.<\/li>\n<li>M\u00fc\u00fcja v\u00f5ib muuta E-poe kasutustingimusi ja toodete hindasid. Teade muutuste kohta avaldatakse E-poe keskkonnas. Tehingule rakendatakse tehingu toimumise hetkel kehtivaid tingimusi ja hindu.<\/li>\n<li>M\u00fc\u00fcjal on \u00f5igus loobuda tellimuse t\u00e4itmisest kui Klient ei tasu arvet t\u00e4htaegselt, tellitud kaubavaru on l\u00f5ppenud v\u00f5i tehnilise vea t\u00f5ttu oli E-poes kuvatud \u00a0Toote hind ekslik.<\/li>\n<li>Ostetud toodetele lisanduda postikulu kui Klient on vastava m\u00e4rke tellimuses teinud.<\/li>\n<li>Kui Klient ei ole 3 t\u00f6\u00f6p\u00e4eva jooksul alates tellimuse vormistamisest tasunud tellimuses esitatud toote\/toodete eest, t\u00fchistab m\u00fc\u00fcja tellimuse.<\/li>\n<li>M\u00fc\u00fcja ei vastuta tootel ilmnenud puuduste eest, mis on tekkinud ostja s\u00fc\u00fcl v\u00f5i kui puudus on tekkinud toote mittekorrap\u00e4rase kasutamise tagaj\u00e4rjel.<\/li>\n<\/ul>\n<h4><strong>KLIENDITUGI\u00a0<\/strong><\/h4>\n<ul>\n<li>Klienditoe telefon on +372 5698 5017 v\u00f5i +372 5807 0656 (avatud t\u00f6\u00f6p\u00e4eviti kl 10:00-17:00) ja<br \/>\ne-posti aadress: <a href=\"mailto:info@seaway.ee\">info@seaway.ee<\/a><\/li>\n<\/ul>\n<p>[\/vc_column_text][\/vc_column][\/vc_row]<\/p>\n","protected":false},"excerpt":{"rendered":"<p>[vc_row][vc_column width=&#8221;1\/2&#8243;][vc_column_text] \u00dcLDTINGIMUSED Tingimused kehtivad \u00f5igussuhetele, mis tekivad kliendi (edaspidi Klient) ja internetiaadressil\u00a0www.seawayclothing.ee\u00a0asuva ostukeskkonna (edaspidi E-pood) omaniku Seaway Clothing O\u00dc (edaspidi M\u00fc\u00fcja) vahel seoses E-poest toodete ostmisega. Lisaks k\u00e4esolevatele tingimustele reguleerivad E-poest Toodete ostmisel tekkivaid \u00f5igussuhteid Eesti Vabariigis kehtivad \u00f5igusaktid. M\u00fc\u00fcja v\u00f5ib muuta e-poe kasutustingimusi ja toodete ning teenuste hindasid. M\u00fc\u00fcja annab muudatustest teada internetilehek\u00fcljel [&hellip;]<\/p>\n","protected":false},"author":4,"featured_media":0,"parent":0,"menu_order":38,"comment_status":"closed","ping_status":"closed","template":"","meta":{"_mi_skip_tracking":false,"_monsterinsights_sitenote_active":false,"_monsterinsights_sitenote_note":"","_monsterinsights_sitenote_category":0},"acf":[],"yoast_head":"<!-- This site is optimized with the Yoast SEO plugin v20.6 - https:\/\/yoast.com\/wordpress\/plugins\/seo\/ -->\n<title>Terms of purchase - Seaway Clothing<\/title>\n<meta name=\"robots\" content=\"noindex, follow, max-snippet:-1, max-image-preview:large, max-video-preview:-1\" \/>\n<meta property=\"og:locale\" content=\"en_US\" \/>\n<meta property=\"og:type\" content=\"article\" \/>\n<meta property=\"og:title\" content=\"Terms of purchase - Seaway Clothing\" \/>\n<meta property=\"og:description\" content=\"[vc_row][vc_column width=&#8221;1\/2&#8243;][vc_column_text] \u00dcLDTINGIMUSED Tingimused kehtivad \u00f5igussuhetele, mis tekivad kliendi (edaspidi Klient) ja internetiaadressil\u00a0www.seawayclothing.ee\u00a0asuva ostukeskkonna (edaspidi E-pood) omaniku Seaway Clothing O\u00dc (edaspidi M\u00fc\u00fcja) vahel seoses E-poest toodete ostmisega. Lisaks k\u00e4esolevatele tingimustele reguleerivad E-poest Toodete ostmisel tekkivaid \u00f5igussuhteid Eesti Vabariigis kehtivad \u00f5igusaktid. M\u00fc\u00fcja v\u00f5ib muuta e-poe kasutustingimusi ja toodete ning teenuste hindasid. M\u00fc\u00fcja annab muudatustest teada internetilehek\u00fcljel [&hellip;]\" \/>\n<meta property=\"og:url\" content=\"https:\/\/www.seawayclothing.ee\/en\/terms-of-purchase\/\" \/>\n<meta property=\"og:site_name\" content=\"Seaway Clothing\" \/>\n<meta name=\"twitter:card\" content=\"summary_large_image\" \/>\n<meta name=\"twitter:label1\" content=\"Est. reading time\" \/>\n\t<meta name=\"twitter:data1\" content=\"6 minutes\" \/>\n<script type=\"application\/ld+json\" class=\"yoast-schema-graph\">{\"@context\":\"https:\/\/schema.org\",\"@graph\":[{\"@type\":\"WebPage\",\"@id\":\"https:\/\/www.seawayclothing.ee\/en\/terms-of-purchase\/\",\"url\":\"https:\/\/www.seawayclothing.ee\/en\/terms-of-purchase\/\",\"name\":\"Terms of purchase - Seaway Clothing\",\"isPartOf\":{\"@id\":\"https:\/\/www.seawayclothing.ee\/en\/#website\"},\"datePublished\":\"2022-01-04T13:09:34+00:00\",\"dateModified\":\"2022-01-04T13:09:34+00:00\",\"breadcrumb\":{\"@id\":\"https:\/\/www.seawayclothing.ee\/en\/terms-of-purchase\/#breadcrumb\"},\"inLanguage\":\"en-US\",\"potentialAction\":[{\"@type\":\"ReadAction\",\"target\":[\"https:\/\/www.seawayclothing.ee\/en\/terms-of-purchase\/\"]}]},{\"@type\":\"BreadcrumbList\",\"@id\":\"https:\/\/www.seawayclothing.ee\/en\/terms-of-purchase\/#breadcrumb\",\"itemListElement\":[{\"@type\":\"ListItem\",\"position\":1,\"name\":\"Home page\",\"item\":\"https:\/\/www.seawayclothing.ee\/en\/\"},{\"@type\":\"ListItem\",\"position\":2,\"name\":\"Terms of purchase\"}]},{\"@type\":\"WebSite\",\"@id\":\"https:\/\/www.seawayclothing.ee\/en\/#website\",\"url\":\"https:\/\/www.seawayclothing.ee\/en\/\",\"name\":\"Seaway Clothing\",\"description\":\"\",\"publisher\":{\"@id\":\"https:\/\/www.seawayclothing.ee\/en\/#organization\"},\"potentialAction\":[{\"@type\":\"SearchAction\",\"target\":{\"@type\":\"EntryPoint\",\"urlTemplate\":\"https:\/\/www.seawayclothing.ee\/en\/?s={search_term_string}\"},\"query-input\":\"required name=search_term_string\"}],\"inLanguage\":\"en-US\"},{\"@type\":\"Organization\",\"@id\":\"https:\/\/www.seawayclothing.ee\/en\/#organization\",\"name\":\"Seaway Clothing\",\"url\":\"https:\/\/www.seawayclothing.ee\/en\/\",\"logo\":{\"@type\":\"ImageObject\",\"inLanguage\":\"en-US\",\"@id\":\"https:\/\/www.seawayclothing.ee\/en\/#\/schema\/logo\/image\/\",\"url\":\"https:\/\/www.seawayclothing.ee\/wp-content\/uploads\/2021\/12\/cropped-logo.white_.png\",\"contentUrl\":\"https:\/\/www.seawayclothing.ee\/wp-content\/uploads\/2021\/12\/cropped-logo.white_.png\",\"width\":500,\"height\":189,\"caption\":\"Seaway Clothing\"},\"image\":{\"@id\":\"https:\/\/www.seawayclothing.ee\/en\/#\/schema\/logo\/image\/\"}}]}<\/script>\n<!-- \/ Yoast SEO plugin. -->","yoast_head_json":{"title":"Terms of purchase - Seaway Clothing","robots":{"index":"noindex","follow":"follow","max-snippet":"max-snippet:-1","max-image-preview":"max-image-preview:large","max-video-preview":"max-video-preview:-1"},"og_locale":"en_US","og_type":"article","og_title":"Terms of purchase - Seaway Clothing","og_description":"[vc_row][vc_column width=&#8221;1\/2&#8243;][vc_column_text] \u00dcLDTINGIMUSED Tingimused kehtivad \u00f5igussuhetele, mis tekivad kliendi (edaspidi Klient) ja internetiaadressil\u00a0www.seawayclothing.ee\u00a0asuva ostukeskkonna (edaspidi E-pood) omaniku Seaway Clothing O\u00dc (edaspidi M\u00fc\u00fcja) vahel seoses E-poest toodete ostmisega. Lisaks k\u00e4esolevatele tingimustele reguleerivad E-poest Toodete ostmisel tekkivaid \u00f5igussuhteid Eesti Vabariigis kehtivad \u00f5igusaktid. M\u00fc\u00fcja v\u00f5ib muuta e-poe kasutustingimusi ja toodete ning teenuste hindasid. M\u00fc\u00fcja annab muudatustest teada internetilehek\u00fcljel [&hellip;]","og_url":"https:\/\/www.seawayclothing.ee\/en\/terms-of-purchase\/","og_site_name":"Seaway Clothing","twitter_card":"summary_large_image","twitter_misc":{"Est. reading time":"6 minutes"},"schema":{"@context":"https:\/\/schema.org","@graph":[{"@type":"WebPage","@id":"https:\/\/www.seawayclothing.ee\/en\/terms-of-purchase\/","url":"https:\/\/www.seawayclothing.ee\/en\/terms-of-purchase\/","name":"Terms of purchase - Seaway Clothing","isPartOf":{"@id":"https:\/\/www.seawayclothing.ee\/en\/#website"},"datePublished":"2022-01-04T13:09:34+00:00","dateModified":"2022-01-04T13:09:34+00:00","breadcrumb":{"@id":"https:\/\/www.seawayclothing.ee\/en\/terms-of-purchase\/#breadcrumb"},"inLanguage":"en-US","potentialAction":[{"@type":"ReadAction","target":["https:\/\/www.seawayclothing.ee\/en\/terms-of-purchase\/"]}]},{"@type":"BreadcrumbList","@id":"https:\/\/www.seawayclothing.ee\/en\/terms-of-purchase\/#breadcrumb","itemListElement":[{"@type":"ListItem","position":1,"name":"Home page","item":"https:\/\/www.seawayclothing.ee\/en\/"},{"@type":"ListItem","position":2,"name":"Terms of purchase"}]},{"@type":"WebSite","@id":"https:\/\/www.seawayclothing.ee\/en\/#website","url":"https:\/\/www.seawayclothing.ee\/en\/","name":"Seaway Clothing","description":"","publisher":{"@id":"https:\/\/www.seawayclothing.ee\/en\/#organization"},"potentialAction":[{"@type":"SearchAction","target":{"@type":"EntryPoint","urlTemplate":"https:\/\/www.seawayclothing.ee\/en\/?s={search_term_string}"},"query-input":"required name=search_term_string"}],"inLanguage":"en-US"},{"@type":"Organization","@id":"https:\/\/www.seawayclothing.ee\/en\/#organization","name":"Seaway Clothing","url":"https:\/\/www.seawayclothing.ee\/en\/","logo":{"@type":"ImageObject","inLanguage":"en-US","@id":"https:\/\/www.seawayclothing.ee\/en\/#\/schema\/logo\/image\/","url":"https:\/\/www.seawayclothing.ee\/wp-content\/uploads\/2021\/12\/cropped-logo.white_.png","contentUrl":"https:\/\/www.seawayclothing.ee\/wp-content\/uploads\/2021\/12\/cropped-logo.white_.png","width":500,"height":189,"caption":"Seaway Clothing"},"image":{"@id":"https:\/\/www.seawayclothing.ee\/en\/#\/schema\/logo\/image\/"}}]}},"_links":{"self":[{"href":"https:\/\/www.seawayclothing.ee\/en\/wp-json\/wp\/v2\/pages\/20309"}],"collection":[{"href":"https:\/\/www.seawayclothing.ee\/en\/wp-json\/wp\/v2\/pages"}],"about":[{"href":"https:\/\/www.seawayclothing.ee\/en\/wp-json\/wp\/v2\/types\/page"}],"author":[{"embeddable":true,"href":"https:\/\/www.seawayclothing.ee\/en\/wp-json\/wp\/v2\/users\/4"}],"replies":[{"embeddable":true,"href":"https:\/\/www.seawayclothing.ee\/en\/wp-json\/wp\/v2\/comments?post=20309"}],"version-history":[{"count":2,"href":"https:\/\/www.seawayclothing.ee\/en\/wp-json\/wp\/v2\/pages\/20309\/revisions"}],"predecessor-version":[{"id":20311,"href":"https:\/\/www.seawayclothing.ee\/en\/wp-json\/wp\/v2\/pages\/20309\/revisions\/20311"}],"wp:attachment":[{"href":"https:\/\/www.seawayclothing.ee\/en\/wp-json\/wp\/v2\/media?parent=20309"}],"curies":[{"name":"wp","href":"https:\/\/api.w.org\/{rel}","templated":true}]}}