{"id":19769,"date":"2021-12-29T14:53:41","date_gmt":"2021-12-29T12:53:41","guid":{"rendered":"https:\/\/www.seawayclothing.ee\/toode\/sailing-jacket-stavanger\/"},"modified":"2022-06-20T00:01:23","modified_gmt":"2022-06-19T21:01:23","slug":"sailing-jacket-stavanger","status":"publish","type":"product","link":"https:\/\/www.seawayclothing.ee\/en\/toode\/sailing-jacket-stavanger\/","title":{"rendered":"STAVANGER BIB Trousers"},"content":{"rendered":"<p>Elastisches Gewebe im oberen R\u00fcckenbereich<br \/>\nElastic mesh on upper back area<br \/>\nW\u00e4mende Brusttaschen und Stau\u00adtaschen mit Aquaguard\u00ae-Rei\u00dfverschl\u00fcssen<br \/>\nHandwarmer-pockets on chest and store-pockets with Aquaguard\u00ae-zippers<br \/>\nGro\u00dfe Oberschenkel-Stautasche<br \/>\nVolume thigh pocket<br \/>\nDer Front-Rei\u00dfverschluss ist abgedeckt durch eine Sturmklappe<br \/>\nFront zipper covered by storm flap<br \/>\nGro\u00dffl\u00e4chige Verst\u00e4rkungen<br \/>\nan Knien und an Ges\u00e4\u00df<br \/>\nBig reinforcements at knees and bottom<br \/>\nWassers\u00e4ule 20.000mm,<br \/>\nAtmungsaktivit\u00e4t 8.000g\/sqm\/24h<br \/>\nWaterproofness of 20.000mm,<br \/>\nbreathability of 8.000g\/sqm\/24h<br \/>\n100% Polyamid,<br \/>\nmit Polyurethan-Beschichtung<br \/>\n100% Polyamid\/Nylon,<br \/>\nwith Polyurethan-coating<\/p>\n","protected":false},"excerpt":{"rendered":"<p>Elastisches Gewebe im oberen R\u00fcckenbereich Elastic mesh on upper back area W\u00e4mende Brusttaschen und Stau\u00adtaschen mit Aquaguard\u00ae-Rei\u00dfverschl\u00fcssen Handwarmer-pockets on chest and store-pockets with Aquaguard\u00ae-zippers Gro\u00dfe Oberschenkel-Stautasche Volume thigh pocket Der Front-Rei\u00dfverschluss ist abgedeckt durch eine Sturmklappe Front zipper covered by storm flap Gro\u00dffl\u00e4chige Verst\u00e4rkungen an Knien und an Ges\u00e4\u00df Big reinforcements at knees and bottom [&hellip;]<\/p>\n","protected":false},"featured_media":20683,"template":"","meta":{"_mi_skip_tracking":false,"_monsterinsights_sitenote_active":false,"_monsterinsights_sitenote_note":"","_monsterinsights_sitenote_category":0},"pwb-brand":[170],"product_cat":[165,182],"product_tag":[],"acf":[],"yoast_head":"<!-- This site is optimized with the Yoast SEO plugin v20.6 - https:\/\/yoast.com\/wordpress\/plugins\/seo\/ -->\n<title>STAVANGER BIB Trousers - Seaway Clothing<\/title>\n<meta name=\"robots\" content=\"noindex, follow, max-snippet:-1, max-image-preview:large, max-video-preview:-1\" \/>\n<meta property=\"og:locale\" content=\"en_US\" \/>\n<meta property=\"og:type\" content=\"article\" \/>\n<meta property=\"og:title\" content=\"STAVANGER BIB Trousers - Seaway Clothing\" \/>\n<meta property=\"og:description\" content=\"Elastisches Gewebe im oberen R\u00fcckenbereich Elastic mesh on upper back area W\u00e4mende Brusttaschen und Stau\u00adtaschen mit Aquaguard\u00ae-Rei\u00dfverschl\u00fcssen Handwarmer-pockets on chest and store-pockets with Aquaguard\u00ae-zippers Gro\u00dfe Oberschenkel-Stautasche Volume thigh pocket Der Front-Rei\u00dfverschluss ist abgedeckt durch eine Sturmklappe Front zipper covered by storm flap Gro\u00dffl\u00e4chige Verst\u00e4rkungen an Knien und an Ges\u00e4\u00df Big reinforcements at knees and bottom [&hellip;]\" \/>\n<meta property=\"og:url\" content=\"https:\/\/www.seawayclothing.ee\/en\/toode\/sailing-jacket-stavanger\/\" \/>\n<meta property=\"og:site_name\" content=\"Seaway Clothing\" \/>\n<meta property=\"article:modified_time\" content=\"2022-06-19T21:01:23+00:00\" \/>\n<meta property=\"og:image\" content=\"https:\/\/www.seawayclothing.ee\/wp-content\/uploads\/2021\/12\/sta-1.jpg\" \/>\n\t<meta property=\"og:image:width\" content=\"235\" \/>\n\t<meta property=\"og:image:height\" content=\"600\" \/>\n\t<meta property=\"og:image:type\" content=\"image\/jpeg\" \/>\n<meta name=\"twitter:card\" content=\"summary_large_image\" \/>\n<script type=\"application\/ld+json\" class=\"yoast-schema-graph\">{\"@context\":\"https:\/\/schema.org\",\"@graph\":[{\"@type\":\"WebPage\",\"@id\":\"https:\/\/www.seawayclothing.ee\/en\/toode\/sailing-jacket-stavanger\/\",\"url\":\"https:\/\/www.seawayclothing.ee\/en\/toode\/sailing-jacket-stavanger\/\",\"name\":\"STAVANGER BIB Trousers - Seaway Clothing\",\"isPartOf\":{\"@id\":\"https:\/\/www.seawayclothing.ee\/en\/#website\"},\"datePublished\":\"2021-12-29T12:53:41+00:00\",\"dateModified\":\"2022-06-19T21:01:23+00:00\",\"breadcrumb\":{\"@id\":\"https:\/\/www.seawayclothing.ee\/en\/toode\/sailing-jacket-stavanger\/#breadcrumb\"},\"inLanguage\":\"en-US\",\"potentialAction\":[{\"@type\":\"ReadAction\",\"target\":[\"https:\/\/www.seawayclothing.ee\/en\/toode\/sailing-jacket-stavanger\/\"]}]},{\"@type\":\"BreadcrumbList\",\"@id\":\"https:\/\/www.seawayclothing.ee\/en\/toode\/sailing-jacket-stavanger\/#breadcrumb\",\"itemListElement\":[{\"@type\":\"ListItem\",\"position\":1,\"name\":\"Home page\",\"item\":\"https:\/\/www.seawayclothing.ee\/en\/\"},{\"@type\":\"ListItem\",\"position\":2,\"name\":\"Shop\",\"item\":\"https:\/\/www.seawayclothing.ee\/en\/shop-2\/\"},{\"@type\":\"ListItem\",\"position\":3,\"name\":\"STAVANGER BIB Trousers\"}]},{\"@type\":\"WebSite\",\"@id\":\"https:\/\/www.seawayclothing.ee\/en\/#website\",\"url\":\"https:\/\/www.seawayclothing.ee\/en\/\",\"name\":\"Seaway Clothing\",\"description\":\"\",\"publisher\":{\"@id\":\"https:\/\/www.seawayclothing.ee\/en\/#organization\"},\"potentialAction\":[{\"@type\":\"SearchAction\",\"target\":{\"@type\":\"EntryPoint\",\"urlTemplate\":\"https:\/\/www.seawayclothing.ee\/en\/?s={search_term_string}\"},\"query-input\":\"required name=search_term_string\"}],\"inLanguage\":\"en-US\"},{\"@type\":\"Organization\",\"@id\":\"https:\/\/www.seawayclothing.ee\/en\/#organization\",\"name\":\"Seaway Clothing\",\"url\":\"https:\/\/www.seawayclothing.ee\/en\/\",\"logo\":{\"@type\":\"ImageObject\",\"inLanguage\":\"en-US\",\"@id\":\"https:\/\/www.seawayclothing.ee\/en\/#\/schema\/logo\/image\/\",\"url\":\"https:\/\/www.seawayclothing.ee\/wp-content\/uploads\/2021\/12\/cropped-logo.white_.png\",\"contentUrl\":\"https:\/\/www.seawayclothing.ee\/wp-content\/uploads\/2021\/12\/cropped-logo.white_.png\",\"width\":500,\"height\":189,\"caption\":\"Seaway Clothing\"},\"image\":{\"@id\":\"https:\/\/www.seawayclothing.ee\/en\/#\/schema\/logo\/image\/\"}}]}<\/script>\n<!-- \/ Yoast SEO plugin. -->","yoast_head_json":{"title":"STAVANGER BIB Trousers - Seaway Clothing","robots":{"index":"noindex","follow":"follow","max-snippet":"max-snippet:-1","max-image-preview":"max-image-preview:large","max-video-preview":"max-video-preview:-1"},"og_locale":"en_US","og_type":"article","og_title":"STAVANGER BIB Trousers - Seaway Clothing","og_description":"Elastisches Gewebe im oberen R\u00fcckenbereich Elastic mesh on upper back area W\u00e4mende Brusttaschen und Stau\u00adtaschen mit Aquaguard\u00ae-Rei\u00dfverschl\u00fcssen Handwarmer-pockets on chest and store-pockets with Aquaguard\u00ae-zippers Gro\u00dfe Oberschenkel-Stautasche Volume thigh pocket Der Front-Rei\u00dfverschluss ist abgedeckt durch eine Sturmklappe Front zipper covered by storm flap Gro\u00dffl\u00e4chige Verst\u00e4rkungen an Knien und an Ges\u00e4\u00df Big reinforcements at knees and bottom [&hellip;]","og_url":"https:\/\/www.seawayclothing.ee\/en\/toode\/sailing-jacket-stavanger\/","og_site_name":"Seaway Clothing","article_modified_time":"2022-06-19T21:01:23+00:00","og_image":[{"width":235,"height":600,"url":"https:\/\/www.seawayclothing.ee\/wp-content\/uploads\/2021\/12\/sta-1.jpg","type":"image\/jpeg"}],"twitter_card":"summary_large_image","schema":{"@context":"https:\/\/schema.org","@graph":[{"@type":"WebPage","@id":"https:\/\/www.seawayclothing.ee\/en\/toode\/sailing-jacket-stavanger\/","url":"https:\/\/www.seawayclothing.ee\/en\/toode\/sailing-jacket-stavanger\/","name":"STAVANGER BIB Trousers - Seaway Clothing","isPartOf":{"@id":"https:\/\/www.seawayclothing.ee\/en\/#website"},"datePublished":"2021-12-29T12:53:41+00:00","dateModified":"2022-06-19T21:01:23+00:00","breadcrumb":{"@id":"https:\/\/www.seawayclothing.ee\/en\/toode\/sailing-jacket-stavanger\/#breadcrumb"},"inLanguage":"en-US","potentialAction":[{"@type":"ReadAction","target":["https:\/\/www.seawayclothing.ee\/en\/toode\/sailing-jacket-stavanger\/"]}]},{"@type":"BreadcrumbList","@id":"https:\/\/www.seawayclothing.ee\/en\/toode\/sailing-jacket-stavanger\/#breadcrumb","itemListElement":[{"@type":"ListItem","position":1,"name":"Home page","item":"https:\/\/www.seawayclothing.ee\/en\/"},{"@type":"ListItem","position":2,"name":"Shop","item":"https:\/\/www.seawayclothing.ee\/en\/shop-2\/"},{"@type":"ListItem","position":3,"name":"STAVANGER BIB Trousers"}]},{"@type":"WebSite","@id":"https:\/\/www.seawayclothing.ee\/en\/#website","url":"https:\/\/www.seawayclothing.ee\/en\/","name":"Seaway Clothing","description":"","publisher":{"@id":"https:\/\/www.seawayclothing.ee\/en\/#organization"},"potentialAction":[{"@type":"SearchAction","target":{"@type":"EntryPoint","urlTemplate":"https:\/\/www.seawayclothing.ee\/en\/?s={search_term_string}"},"query-input":"required name=search_term_string"}],"inLanguage":"en-US"},{"@type":"Organization","@id":"https:\/\/www.seawayclothing.ee\/en\/#organization","name":"Seaway Clothing","url":"https:\/\/www.seawayclothing.ee\/en\/","logo":{"@type":"ImageObject","inLanguage":"en-US","@id":"https:\/\/www.seawayclothing.ee\/en\/#\/schema\/logo\/image\/","url":"https:\/\/www.seawayclothing.ee\/wp-content\/uploads\/2021\/12\/cropped-logo.white_.png","contentUrl":"https:\/\/www.seawayclothing.ee\/wp-content\/uploads\/2021\/12\/cropped-logo.white_.png","width":500,"height":189,"caption":"Seaway Clothing"},"image":{"@id":"https:\/\/www.seawayclothing.ee\/en\/#\/schema\/logo\/image\/"}}]}},"brands":[{"id":170,"name":"C4S","slug":"c4s"}],"_links":{"self":[{"href":"https:\/\/www.seawayclothing.ee\/en\/wp-json\/wp\/v2\/product\/19769"}],"collection":[{"href":"https:\/\/www.seawayclothing.ee\/en\/wp-json\/wp\/v2\/product"}],"about":[{"href":"https:\/\/www.seawayclothing.ee\/en\/wp-json\/wp\/v2\/types\/product"}],"wp:featuredmedia":[{"embeddable":true,"href":"https:\/\/www.seawayclothing.ee\/en\/wp-json\/wp\/v2\/media\/20683"}],"wp:attachment":[{"href":"https:\/\/www.seawayclothing.ee\/en\/wp-json\/wp\/v2\/media?parent=19769"}],"wp:term":[{"taxonomy":"pwb-brand","embeddable":true,"href":"https:\/\/www.seawayclothing.ee\/en\/wp-json\/wp\/v2\/pwb-brand?post=19769"},{"taxonomy":"product_cat","embeddable":true,"href":"https:\/\/www.seawayclothing.ee\/en\/wp-json\/wp\/v2\/product_cat?post=19769"},{"taxonomy":"product_tag","embeddable":true,"href":"https:\/\/www.seawayclothing.ee\/en\/wp-json\/wp\/v2\/product_tag?post=19769"}],"curies":[{"name":"wp","href":"https:\/\/api.w.org\/{rel}","templated":true}]}}