{"id":19831,"date":"2021-12-14T09:00:22","date_gmt":"2021-12-14T07:00:22","guid":{"rendered":"https:\/\/www.seawayclothing.ee\/toode\/solas-foldable-lifejacket-admiral-transformer-155n\/"},"modified":"2022-02-03T15:09:15","modified_gmt":"2022-02-03T13:09:15","slug":"solas-paastevest-admiral-transformer-155n","status":"publish","type":"product","link":"https:\/\/www.seawayclothing.ee\/en\/toode\/solas-paastevest-admiral-transformer-155n\/","title":{"rendered":"SOLAS foldable lifejacket ADMIRAL &#8220;Transformer&#8221; 155N"},"content":{"rendered":"<p dir=\"ltr\" data-placeholder=\"Translation\">SOLAS P\u00c4\u00c4STEVEST \u00a0155 N ujuvusega<\/p>\n<p class=\"tw-data-text tw-text-large tw-ta\" dir=\"ltr\" data-placeholder=\"Translation\"><span class=\"Y2IQFc\" lang=\"et\">Uue patenteeritud s\u00fcsteemiga ning uuendusliku disaini ja v\u00e4ga suure j\u00f5udlusega p\u00e4\u00e4stevest. T\u00e4ielikult kokkupakitav, mis h\u00f5lbustab ruumi kokkuhoidu ja hoiustamist laeva pardal. Lihtne selga panna.Uue patenteeritud MES s\u00fcsteemiga p\u00e4\u00e4stevest. see h\u00f5lbustab ruumi piiramise kaudu pardal paigutamist. <\/span><\/p>\n<p class=\"tw-data-text tw-text-large tw-ta\" dir=\"ltr\" data-placeholder=\"Translation\"><span class=\"Y2IQFc\" lang=\"et\">LISAVARUSTUSES : Solas Med tuli, laeva nimi p\u00e4\u00e4stevestile kirjutatuna, identifitseerimism\u00e4rk ja pikendusrihm, panipaigakotid 2-4 inimesele, isiklik lokaatoris\u00fcsteem. <\/span><\/p>\n<p dir=\"ltr\" data-placeholder=\"Translation\">Kokkupandavate vestide kategoorias v\u00e4ikseim p\u00e4\u00e4stevest maailmas.<\/p>\n<p>RES. IMO MSC 81(70) \u2013 MSC 200(80) \u2013 MSC 207(81) \u2013 LSA CODE AS AMENDEDMARINE EQUIPMENT DIRECTIVE (MED) 2014\/90\/EU and COMMISSION IMPLEMENTING REGULATION (EU)2019\/1397<\/p>\n<p id=\"tw-target-text\" class=\"tw-data-text tw-text-large tw-ta\" dir=\"ltr\" data-placeholder=\"Translation\"><span class=\"Y2IQFc\" lang=\"et\">\u00a0<\/span><\/p>\n","protected":false},"excerpt":{"rendered":"<p>SOLAS P\u00c4\u00c4STEVEST \u00a0155 N ujuvusega Uue patenteeritud s\u00fcsteemiga ning uuendusliku disaini ja v\u00e4ga suure j\u00f5udlusega p\u00e4\u00e4stevest. T\u00e4ielikult kokkupakitav, mis h\u00f5lbustab ruumi kokkuhoidu ja hoiustamist laeva pardal. Lihtne selga panna.Uue patenteeritud MES s\u00fcsteemiga p\u00e4\u00e4stevest. see h\u00f5lbustab ruumi piiramise kaudu pardal paigutamist. LISAVARUSTUSES : Solas Med tuli, laeva nimi p\u00e4\u00e4stevestile kirjutatuna, identifitseerimism\u00e4rk ja pikendusrihm, panipaigakotid 2-4 inimesele, [&hellip;]<\/p>\n","protected":false},"featured_media":17986,"template":"","meta":{"_mi_skip_tracking":false,"_monsterinsights_sitenote_active":false,"_monsterinsights_sitenote_note":"","_monsterinsights_sitenote_category":0},"pwb-brand":[163],"product_cat":[173],"product_tag":[],"acf":[],"yoast_head":"<!-- This site is optimized with the Yoast SEO plugin v20.6 - https:\/\/yoast.com\/wordpress\/plugins\/seo\/ -->\n<title>SOLAS foldable lifejacket ADMIRAL &quot;Transformer&quot; 155N - Seaway Clothing<\/title>\n<meta name=\"robots\" content=\"noindex, follow, max-snippet:-1, max-image-preview:large, max-video-preview:-1\" \/>\n<meta property=\"og:locale\" content=\"en_US\" \/>\n<meta property=\"og:type\" content=\"article\" \/>\n<meta property=\"og:title\" content=\"SOLAS foldable lifejacket ADMIRAL &quot;Transformer&quot; 155N - Seaway Clothing\" \/>\n<meta property=\"og:description\" content=\"SOLAS P\u00c4\u00c4STEVEST \u00a0155 N ujuvusega Uue patenteeritud s\u00fcsteemiga ning uuendusliku disaini ja v\u00e4ga suure j\u00f5udlusega p\u00e4\u00e4stevest. T\u00e4ielikult kokkupakitav, mis h\u00f5lbustab ruumi kokkuhoidu ja hoiustamist laeva pardal. Lihtne selga panna.Uue patenteeritud MES s\u00fcsteemiga p\u00e4\u00e4stevest. see h\u00f5lbustab ruumi piiramise kaudu pardal paigutamist. LISAVARUSTUSES : Solas Med tuli, laeva nimi p\u00e4\u00e4stevestile kirjutatuna, identifitseerimism\u00e4rk ja pikendusrihm, panipaigakotid 2-4 inimesele, [&hellip;]\" \/>\n<meta property=\"og:url\" content=\"https:\/\/www.seawayclothing.ee\/en\/toode\/solas-paastevest-admiral-transformer-155n\/\" \/>\n<meta property=\"og:site_name\" content=\"Seaway Clothing\" \/>\n<meta property=\"article:modified_time\" content=\"2022-02-03T13:09:15+00:00\" \/>\n<meta property=\"og:image\" content=\"https:\/\/www.seawayclothing.ee\/wp-content\/uploads\/2021\/12\/ADMIRALdef.jpg\" \/>\n\t<meta property=\"og:image:width\" content=\"794\" \/>\n\t<meta property=\"og:image:height\" content=\"794\" \/>\n\t<meta property=\"og:image:type\" content=\"image\/jpeg\" \/>\n<meta name=\"twitter:card\" content=\"summary_large_image\" \/>\n<script type=\"application\/ld+json\" class=\"yoast-schema-graph\">{\"@context\":\"https:\/\/schema.org\",\"@graph\":[{\"@type\":\"WebPage\",\"@id\":\"https:\/\/www.seawayclothing.ee\/en\/toode\/solas-paastevest-admiral-transformer-155n\/\",\"url\":\"https:\/\/www.seawayclothing.ee\/en\/toode\/solas-paastevest-admiral-transformer-155n\/\",\"name\":\"SOLAS foldable lifejacket ADMIRAL \\\"Transformer\\\" 155N - Seaway Clothing\",\"isPartOf\":{\"@id\":\"https:\/\/www.seawayclothing.ee\/en\/#website\"},\"datePublished\":\"2021-12-14T07:00:22+00:00\",\"dateModified\":\"2022-02-03T13:09:15+00:00\",\"breadcrumb\":{\"@id\":\"https:\/\/www.seawayclothing.ee\/en\/toode\/solas-paastevest-admiral-transformer-155n\/#breadcrumb\"},\"inLanguage\":\"en-US\",\"potentialAction\":[{\"@type\":\"ReadAction\",\"target\":[\"https:\/\/www.seawayclothing.ee\/en\/toode\/solas-paastevest-admiral-transformer-155n\/\"]}]},{\"@type\":\"BreadcrumbList\",\"@id\":\"https:\/\/www.seawayclothing.ee\/en\/toode\/solas-paastevest-admiral-transformer-155n\/#breadcrumb\",\"itemListElement\":[{\"@type\":\"ListItem\",\"position\":1,\"name\":\"Home page\",\"item\":\"https:\/\/www.seawayclothing.ee\/en\/\"},{\"@type\":\"ListItem\",\"position\":2,\"name\":\"Shop\",\"item\":\"https:\/\/www.seawayclothing.ee\/en\/shop-2\/\"},{\"@type\":\"ListItem\",\"position\":3,\"name\":\"SOLAS foldable lifejacket ADMIRAL &#8220;Transformer&#8221; 155N\"}]},{\"@type\":\"WebSite\",\"@id\":\"https:\/\/www.seawayclothing.ee\/en\/#website\",\"url\":\"https:\/\/www.seawayclothing.ee\/en\/\",\"name\":\"Seaway Clothing\",\"description\":\"\",\"publisher\":{\"@id\":\"https:\/\/www.seawayclothing.ee\/en\/#organization\"},\"potentialAction\":[{\"@type\":\"SearchAction\",\"target\":{\"@type\":\"EntryPoint\",\"urlTemplate\":\"https:\/\/www.seawayclothing.ee\/en\/?s={search_term_string}\"},\"query-input\":\"required name=search_term_string\"}],\"inLanguage\":\"en-US\"},{\"@type\":\"Organization\",\"@id\":\"https:\/\/www.seawayclothing.ee\/en\/#organization\",\"name\":\"Seaway Clothing\",\"url\":\"https:\/\/www.seawayclothing.ee\/en\/\",\"logo\":{\"@type\":\"ImageObject\",\"inLanguage\":\"en-US\",\"@id\":\"https:\/\/www.seawayclothing.ee\/en\/#\/schema\/logo\/image\/\",\"url\":\"https:\/\/www.seawayclothing.ee\/wp-content\/uploads\/2021\/12\/cropped-logo.white_.png\",\"contentUrl\":\"https:\/\/www.seawayclothing.ee\/wp-content\/uploads\/2021\/12\/cropped-logo.white_.png\",\"width\":500,\"height\":189,\"caption\":\"Seaway Clothing\"},\"image\":{\"@id\":\"https:\/\/www.seawayclothing.ee\/en\/#\/schema\/logo\/image\/\"}}]}<\/script>\n<!-- \/ Yoast SEO plugin. -->","yoast_head_json":{"title":"SOLAS foldable lifejacket ADMIRAL \"Transformer\" 155N - Seaway Clothing","robots":{"index":"noindex","follow":"follow","max-snippet":"max-snippet:-1","max-image-preview":"max-image-preview:large","max-video-preview":"max-video-preview:-1"},"og_locale":"en_US","og_type":"article","og_title":"SOLAS foldable lifejacket ADMIRAL \"Transformer\" 155N - Seaway Clothing","og_description":"SOLAS P\u00c4\u00c4STEVEST \u00a0155 N ujuvusega Uue patenteeritud s\u00fcsteemiga ning uuendusliku disaini ja v\u00e4ga suure j\u00f5udlusega p\u00e4\u00e4stevest. T\u00e4ielikult kokkupakitav, mis h\u00f5lbustab ruumi kokkuhoidu ja hoiustamist laeva pardal. Lihtne selga panna.Uue patenteeritud MES s\u00fcsteemiga p\u00e4\u00e4stevest. see h\u00f5lbustab ruumi piiramise kaudu pardal paigutamist. LISAVARUSTUSES : Solas Med tuli, laeva nimi p\u00e4\u00e4stevestile kirjutatuna, identifitseerimism\u00e4rk ja pikendusrihm, panipaigakotid 2-4 inimesele, [&hellip;]","og_url":"https:\/\/www.seawayclothing.ee\/en\/toode\/solas-paastevest-admiral-transformer-155n\/","og_site_name":"Seaway Clothing","article_modified_time":"2022-02-03T13:09:15+00:00","og_image":[{"width":794,"height":794,"url":"https:\/\/www.seawayclothing.ee\/wp-content\/uploads\/2021\/12\/ADMIRALdef.jpg","type":"image\/jpeg"}],"twitter_card":"summary_large_image","schema":{"@context":"https:\/\/schema.org","@graph":[{"@type":"WebPage","@id":"https:\/\/www.seawayclothing.ee\/en\/toode\/solas-paastevest-admiral-transformer-155n\/","url":"https:\/\/www.seawayclothing.ee\/en\/toode\/solas-paastevest-admiral-transformer-155n\/","name":"SOLAS foldable lifejacket ADMIRAL \"Transformer\" 155N - Seaway Clothing","isPartOf":{"@id":"https:\/\/www.seawayclothing.ee\/en\/#website"},"datePublished":"2021-12-14T07:00:22+00:00","dateModified":"2022-02-03T13:09:15+00:00","breadcrumb":{"@id":"https:\/\/www.seawayclothing.ee\/en\/toode\/solas-paastevest-admiral-transformer-155n\/#breadcrumb"},"inLanguage":"en-US","potentialAction":[{"@type":"ReadAction","target":["https:\/\/www.seawayclothing.ee\/en\/toode\/solas-paastevest-admiral-transformer-155n\/"]}]},{"@type":"BreadcrumbList","@id":"https:\/\/www.seawayclothing.ee\/en\/toode\/solas-paastevest-admiral-transformer-155n\/#breadcrumb","itemListElement":[{"@type":"ListItem","position":1,"name":"Home page","item":"https:\/\/www.seawayclothing.ee\/en\/"},{"@type":"ListItem","position":2,"name":"Shop","item":"https:\/\/www.seawayclothing.ee\/en\/shop-2\/"},{"@type":"ListItem","position":3,"name":"SOLAS foldable lifejacket ADMIRAL &#8220;Transformer&#8221; 155N"}]},{"@type":"WebSite","@id":"https:\/\/www.seawayclothing.ee\/en\/#website","url":"https:\/\/www.seawayclothing.ee\/en\/","name":"Seaway Clothing","description":"","publisher":{"@id":"https:\/\/www.seawayclothing.ee\/en\/#organization"},"potentialAction":[{"@type":"SearchAction","target":{"@type":"EntryPoint","urlTemplate":"https:\/\/www.seawayclothing.ee\/en\/?s={search_term_string}"},"query-input":"required name=search_term_string"}],"inLanguage":"en-US"},{"@type":"Organization","@id":"https:\/\/www.seawayclothing.ee\/en\/#organization","name":"Seaway Clothing","url":"https:\/\/www.seawayclothing.ee\/en\/","logo":{"@type":"ImageObject","inLanguage":"en-US","@id":"https:\/\/www.seawayclothing.ee\/en\/#\/schema\/logo\/image\/","url":"https:\/\/www.seawayclothing.ee\/wp-content\/uploads\/2021\/12\/cropped-logo.white_.png","contentUrl":"https:\/\/www.seawayclothing.ee\/wp-content\/uploads\/2021\/12\/cropped-logo.white_.png","width":500,"height":189,"caption":"Seaway Clothing"},"image":{"@id":"https:\/\/www.seawayclothing.ee\/en\/#\/schema\/logo\/image\/"}}]}},"brands":[{"id":163,"name":"ATLANTIS","slug":"atlantis"}],"_links":{"self":[{"href":"https:\/\/www.seawayclothing.ee\/en\/wp-json\/wp\/v2\/product\/19831"}],"collection":[{"href":"https:\/\/www.seawayclothing.ee\/en\/wp-json\/wp\/v2\/product"}],"about":[{"href":"https:\/\/www.seawayclothing.ee\/en\/wp-json\/wp\/v2\/types\/product"}],"wp:featuredmedia":[{"embeddable":true,"href":"https:\/\/www.seawayclothing.ee\/en\/wp-json\/wp\/v2\/media\/17986"}],"wp:attachment":[{"href":"https:\/\/www.seawayclothing.ee\/en\/wp-json\/wp\/v2\/media?parent=19831"}],"wp:term":[{"taxonomy":"pwb-brand","embeddable":true,"href":"https:\/\/www.seawayclothing.ee\/en\/wp-json\/wp\/v2\/pwb-brand?post=19831"},{"taxonomy":"product_cat","embeddable":true,"href":"https:\/\/www.seawayclothing.ee\/en\/wp-json\/wp\/v2\/product_cat?post=19831"},{"taxonomy":"product_tag","embeddable":true,"href":"https:\/\/www.seawayclothing.ee\/en\/wp-json\/wp\/v2\/product_tag?post=19831"}],"curies":[{"name":"wp","href":"https:\/\/api.w.org\/{rel}","templated":true}]}}