{"id":20433,"date":"2022-01-05T15:24:30","date_gmt":"2022-01-05T13:24:30","guid":{"rendered":"https:\/\/www.seawayclothing.ee\/toode\/parka-c4s-brighton\/"},"modified":"2022-06-20T00:01:23","modified_gmt":"2022-06-19T21:01:23","slug":"parka-c4s-brighton","status":"publish","type":"product","link":"https:\/\/www.seawayclothing.ee\/en\/toode\/parka-c4s-brighton\/","title":{"rendered":"Long jacket C4S Brighton"},"content":{"rendered":"<p>Kvaliteetsest vee- ja tuulekindlast hingavast ning kergesti hooldatavast marterjalist naiste parka C4S Cardiff. \u00a0Kerge ja mugav. Veekindluse tagamiseks on k\u00f5ik \u00f5mblused teibitud. Kerge ning pehme v\u00f5rguga sisevooder, k\u00e4ised taftvoodriga. \u00a0Reguleeritav ja kokku pakitav kapuuts. V\u00e4ljas kaldtaskud, sees\u00a0lukuga tasku ja mobiiltelefoni tasku. V\u00e4lised lukud vetth\u00fclgavad. Ergonoomiliselt disainitud ja liigendatud k\u00fc\u00fcnarnukid.<\/p>\n<p>100% pol\u00fcamiid\/ nailon, pol\u00fcuretaankate.<\/p>\n<p>C4S Cardiff<\/p>\n","protected":false},"excerpt":{"rendered":"<ul>\n<li>hingav<\/li>\n<li>tuulekindel<\/li>\n<li>vetth\u00fclgav<\/li>\n<li>kolm tooni &#8211; NAVY sinine\/ valge \/ bee\u017e<\/li>\n<\/ul>\n","protected":false},"featured_media":26689,"template":"","meta":{"_mi_skip_tracking":false,"_monsterinsights_sitenote_active":false,"_monsterinsights_sitenote_note":"","_monsterinsights_sitenote_category":0},"pwb-brand":[170],"product_cat":[171,188],"product_tag":[],"acf":[],"yoast_head":"<!-- This site is optimized with the Yoast SEO plugin v20.6 - https:\/\/yoast.com\/wordpress\/plugins\/seo\/ -->\n<title>Long jacket C4S Brighton - Seaway Clothing<\/title>\n<meta name=\"robots\" content=\"noindex, follow, max-snippet:-1, max-image-preview:large, max-video-preview:-1\" \/>\n<meta property=\"og:locale\" content=\"en_US\" \/>\n<meta property=\"og:type\" content=\"article\" \/>\n<meta property=\"og:title\" content=\"Long jacket C4S Brighton - Seaway Clothing\" \/>\n<meta property=\"og:description\" content=\"hingav  tuulekindel  vetth\u00fclgav  kolm tooni - NAVY sinine\/ valge \/ bee\u017e\" \/>\n<meta property=\"og:url\" content=\"https:\/\/www.seawayclothing.ee\/en\/toode\/parka-c4s-brighton\/\" \/>\n<meta property=\"og:site_name\" content=\"Seaway Clothing\" \/>\n<meta property=\"article:modified_time\" content=\"2022-06-19T21:01:23+00:00\" \/>\n<meta property=\"og:image\" content=\"https:\/\/www.seawayclothing.ee\/wp-content\/uploads\/2022\/01\/brighton.jpg\" \/>\n\t<meta property=\"og:image:width\" content=\"1021\" \/>\n\t<meta property=\"og:image:height\" content=\"1300\" \/>\n\t<meta property=\"og:image:type\" content=\"image\/jpeg\" \/>\n<meta name=\"twitter:card\" content=\"summary_large_image\" \/>\n<script type=\"application\/ld+json\" class=\"yoast-schema-graph\">{\"@context\":\"https:\/\/schema.org\",\"@graph\":[{\"@type\":\"WebPage\",\"@id\":\"https:\/\/www.seawayclothing.ee\/en\/toode\/parka-c4s-brighton\/\",\"url\":\"https:\/\/www.seawayclothing.ee\/en\/toode\/parka-c4s-brighton\/\",\"name\":\"Long jacket C4S Brighton - Seaway Clothing\",\"isPartOf\":{\"@id\":\"https:\/\/www.seawayclothing.ee\/en\/#website\"},\"datePublished\":\"2022-01-05T13:24:30+00:00\",\"dateModified\":\"2022-06-19T21:01:23+00:00\",\"breadcrumb\":{\"@id\":\"https:\/\/www.seawayclothing.ee\/en\/toode\/parka-c4s-brighton\/#breadcrumb\"},\"inLanguage\":\"en-US\",\"potentialAction\":[{\"@type\":\"ReadAction\",\"target\":[\"https:\/\/www.seawayclothing.ee\/en\/toode\/parka-c4s-brighton\/\"]}]},{\"@type\":\"BreadcrumbList\",\"@id\":\"https:\/\/www.seawayclothing.ee\/en\/toode\/parka-c4s-brighton\/#breadcrumb\",\"itemListElement\":[{\"@type\":\"ListItem\",\"position\":1,\"name\":\"Home page\",\"item\":\"https:\/\/www.seawayclothing.ee\/en\/\"},{\"@type\":\"ListItem\",\"position\":2,\"name\":\"Shop\",\"item\":\"https:\/\/www.seawayclothing.ee\/en\/shop-2\/\"},{\"@type\":\"ListItem\",\"position\":3,\"name\":\"Long jacket C4S Brighton\"}]},{\"@type\":\"WebSite\",\"@id\":\"https:\/\/www.seawayclothing.ee\/en\/#website\",\"url\":\"https:\/\/www.seawayclothing.ee\/en\/\",\"name\":\"Seaway Clothing\",\"description\":\"\",\"publisher\":{\"@id\":\"https:\/\/www.seawayclothing.ee\/en\/#organization\"},\"potentialAction\":[{\"@type\":\"SearchAction\",\"target\":{\"@type\":\"EntryPoint\",\"urlTemplate\":\"https:\/\/www.seawayclothing.ee\/en\/?s={search_term_string}\"},\"query-input\":\"required name=search_term_string\"}],\"inLanguage\":\"en-US\"},{\"@type\":\"Organization\",\"@id\":\"https:\/\/www.seawayclothing.ee\/en\/#organization\",\"name\":\"Seaway Clothing\",\"url\":\"https:\/\/www.seawayclothing.ee\/en\/\",\"logo\":{\"@type\":\"ImageObject\",\"inLanguage\":\"en-US\",\"@id\":\"https:\/\/www.seawayclothing.ee\/en\/#\/schema\/logo\/image\/\",\"url\":\"https:\/\/www.seawayclothing.ee\/wp-content\/uploads\/2021\/12\/cropped-logo.white_.png\",\"contentUrl\":\"https:\/\/www.seawayclothing.ee\/wp-content\/uploads\/2021\/12\/cropped-logo.white_.png\",\"width\":500,\"height\":189,\"caption\":\"Seaway Clothing\"},\"image\":{\"@id\":\"https:\/\/www.seawayclothing.ee\/en\/#\/schema\/logo\/image\/\"}}]}<\/script>\n<!-- \/ Yoast SEO plugin. -->","yoast_head_json":{"title":"Long jacket C4S Brighton - Seaway Clothing","robots":{"index":"noindex","follow":"follow","max-snippet":"max-snippet:-1","max-image-preview":"max-image-preview:large","max-video-preview":"max-video-preview:-1"},"og_locale":"en_US","og_type":"article","og_title":"Long jacket C4S Brighton - Seaway Clothing","og_description":"hingav  tuulekindel  vetth\u00fclgav  kolm tooni - NAVY sinine\/ valge \/ bee\u017e","og_url":"https:\/\/www.seawayclothing.ee\/en\/toode\/parka-c4s-brighton\/","og_site_name":"Seaway Clothing","article_modified_time":"2022-06-19T21:01:23+00:00","og_image":[{"width":1021,"height":1300,"url":"https:\/\/www.seawayclothing.ee\/wp-content\/uploads\/2022\/01\/brighton.jpg","type":"image\/jpeg"}],"twitter_card":"summary_large_image","schema":{"@context":"https:\/\/schema.org","@graph":[{"@type":"WebPage","@id":"https:\/\/www.seawayclothing.ee\/en\/toode\/parka-c4s-brighton\/","url":"https:\/\/www.seawayclothing.ee\/en\/toode\/parka-c4s-brighton\/","name":"Long jacket C4S Brighton - Seaway Clothing","isPartOf":{"@id":"https:\/\/www.seawayclothing.ee\/en\/#website"},"datePublished":"2022-01-05T13:24:30+00:00","dateModified":"2022-06-19T21:01:23+00:00","breadcrumb":{"@id":"https:\/\/www.seawayclothing.ee\/en\/toode\/parka-c4s-brighton\/#breadcrumb"},"inLanguage":"en-US","potentialAction":[{"@type":"ReadAction","target":["https:\/\/www.seawayclothing.ee\/en\/toode\/parka-c4s-brighton\/"]}]},{"@type":"BreadcrumbList","@id":"https:\/\/www.seawayclothing.ee\/en\/toode\/parka-c4s-brighton\/#breadcrumb","itemListElement":[{"@type":"ListItem","position":1,"name":"Home page","item":"https:\/\/www.seawayclothing.ee\/en\/"},{"@type":"ListItem","position":2,"name":"Shop","item":"https:\/\/www.seawayclothing.ee\/en\/shop-2\/"},{"@type":"ListItem","position":3,"name":"Long jacket C4S Brighton"}]},{"@type":"WebSite","@id":"https:\/\/www.seawayclothing.ee\/en\/#website","url":"https:\/\/www.seawayclothing.ee\/en\/","name":"Seaway Clothing","description":"","publisher":{"@id":"https:\/\/www.seawayclothing.ee\/en\/#organization"},"potentialAction":[{"@type":"SearchAction","target":{"@type":"EntryPoint","urlTemplate":"https:\/\/www.seawayclothing.ee\/en\/?s={search_term_string}"},"query-input":"required name=search_term_string"}],"inLanguage":"en-US"},{"@type":"Organization","@id":"https:\/\/www.seawayclothing.ee\/en\/#organization","name":"Seaway Clothing","url":"https:\/\/www.seawayclothing.ee\/en\/","logo":{"@type":"ImageObject","inLanguage":"en-US","@id":"https:\/\/www.seawayclothing.ee\/en\/#\/schema\/logo\/image\/","url":"https:\/\/www.seawayclothing.ee\/wp-content\/uploads\/2021\/12\/cropped-logo.white_.png","contentUrl":"https:\/\/www.seawayclothing.ee\/wp-content\/uploads\/2021\/12\/cropped-logo.white_.png","width":500,"height":189,"caption":"Seaway Clothing"},"image":{"@id":"https:\/\/www.seawayclothing.ee\/en\/#\/schema\/logo\/image\/"}}]}},"brands":[{"id":170,"name":"C4S","slug":"c4s"}],"_links":{"self":[{"href":"https:\/\/www.seawayclothing.ee\/en\/wp-json\/wp\/v2\/product\/20433"}],"collection":[{"href":"https:\/\/www.seawayclothing.ee\/en\/wp-json\/wp\/v2\/product"}],"about":[{"href":"https:\/\/www.seawayclothing.ee\/en\/wp-json\/wp\/v2\/types\/product"}],"wp:featuredmedia":[{"embeddable":true,"href":"https:\/\/www.seawayclothing.ee\/en\/wp-json\/wp\/v2\/media\/26689"}],"wp:attachment":[{"href":"https:\/\/www.seawayclothing.ee\/en\/wp-json\/wp\/v2\/media?parent=20433"}],"wp:term":[{"taxonomy":"pwb-brand","embeddable":true,"href":"https:\/\/www.seawayclothing.ee\/en\/wp-json\/wp\/v2\/pwb-brand?post=20433"},{"taxonomy":"product_cat","embeddable":true,"href":"https:\/\/www.seawayclothing.ee\/en\/wp-json\/wp\/v2\/product_cat?post=20433"},{"taxonomy":"product_tag","embeddable":true,"href":"https:\/\/www.seawayclothing.ee\/en\/wp-json\/wp\/v2\/product_tag?post=20433"}],"curies":[{"name":"wp","href":"https:\/\/api.w.org\/{rel}","templated":true}]}}