{"id":19800,"date":"2021-12-30T14:11:18","date_gmt":"2021-12-30T12:11:18","guid":{"rendered":"https:\/\/www.seawayclothing.ee\/yhteystiedot\/"},"modified":"2021-12-30T15:18:01","modified_gmt":"2021-12-30T13:18:01","slug":"yhteystiedot","status":"publish","type":"page","link":"https:\/\/www.seawayclothing.ee\/fi\/yhteystiedot\/","title":{"rendered":"Yhteystiedot"},"content":{"rendered":"\t\t<div data-elementor-type=\"wp-page\" data-elementor-id=\"19800\" class=\"elementor elementor-19800 elementor-17758\">\n\t\t\t\t\t\t\t\t\t<section class=\"elementor-section elementor-top-section elementor-element elementor-element-daf671f contact-us theme-container elementor-section-full_width elementor-section-height-default elementor-section-height-default\" data-id=\"daf671f\" data-element_type=\"section\">\n\t\t\t\t\t\t<div class=\"elementor-container elementor-column-gap-default\">\n\t\t\t\t\t<div class=\"elementor-column elementor-col-50 elementor-top-column elementor-element elementor-element-5aa3f9a\" data-id=\"5aa3f9a\" data-element_type=\"column\">\n\t\t\t<div class=\"elementor-widget-wrap elementor-element-populated\">\n\t\t\t\t\t\t\t\t<div class=\"elementor-element elementor-element-f18b949 elementor-widget elementor-widget-heading\" data-id=\"f18b949\" data-element_type=\"widget\" data-widget_type=\"heading.default\">\n\t\t\t\t<div class=\"elementor-widget-container\">\n\t\t\t<style>\/*! elementor - v3.16.0 - 20-09-2023 *\/\n.elementor-heading-title{padding:0;margin:0;line-height:1}.elementor-widget-heading .elementor-heading-title[class*=elementor-size-]>a{color:inherit;font-size:inherit;line-height:inherit}.elementor-widget-heading .elementor-heading-title.elementor-size-small{font-size:15px}.elementor-widget-heading .elementor-heading-title.elementor-size-medium{font-size:19px}.elementor-widget-heading .elementor-heading-title.elementor-size-large{font-size:29px}.elementor-widget-heading .elementor-heading-title.elementor-size-xl{font-size:39px}.elementor-widget-heading .elementor-heading-title.elementor-size-xxl{font-size:59px}<\/style><h2 class=\"elementor-heading-title elementor-size-default\">Ota rohkeasti yhteytt\u00e4<\/h2>\t\t<\/div>\n\t\t\t\t<\/div>\n\t\t\t\t<div class=\"elementor-element elementor-element-88d37e7 elementor-position-left elementor-view-default elementor-mobile-position-top elementor-vertical-align-top elementor-widget elementor-widget-icon-box\" data-id=\"88d37e7\" data-element_type=\"widget\" data-widget_type=\"icon-box.default\">\n\t\t\t\t<div class=\"elementor-widget-container\">\n\t\t\t<link rel=\"stylesheet\" href=\"https:\/\/www.seawayclothing.ee\/wp-content\/plugins\/elementor\/assets\/css\/widget-icon-box.min.css\">\t\t<div class=\"elementor-icon-box-wrapper\">\n\t\t\t\t\t\t<div class=\"elementor-icon-box-icon\">\n\t\t\t\t<span  class=\"elementor-icon elementor-animation-\">\n\t\t\t\t<svg xmlns=\"http:\/\/www.w3.org\/2000\/svg\" xmlns:xlink=\"http:\/\/www.w3.org\/1999\/xlink\" id=\"Capa_1\" x=\"0px\" y=\"0px\" viewBox=\"0 0 512 512\" style=\"enable-background:new 0 0 512 512;\" xml:space=\"preserve\">\n<g>\n\t<g>\n\t\t<path d=\"M347.216,301.211l-71.387-53.54V138.609c0-10.966-8.864-19.83-19.83-19.83c-10.966,0-19.83,8.864-19.83,19.83v118.978    c0,6.246,2.935,12.136,7.932,15.864l79.318,59.489c3.569,2.677,7.734,3.966,11.878,3.966c6.048,0,11.997-2.717,15.884-7.952    C357.766,320.208,355.981,307.775,347.216,301.211z\"><\/path>\n\t<\/g>\n<\/g>\n<g>\n\t<g>\n\t\t<path d=\"M256,0C114.833,0,0,114.833,0,256s114.833,256,256,256s256-114.833,256-256S397.167,0,256,0z M256,472.341    c-119.275,0-216.341-97.066-216.341-216.341S136.725,39.659,256,39.659c119.295,0,216.341,97.066,216.341,216.341    S375.275,472.341,256,472.341z\"><\/path>\n\t<\/g>\n<\/g>\n<g>\n<\/g>\n<g>\n<\/g>\n<g>\n<\/g>\n<g>\n<\/g>\n<g>\n<\/g>\n<g>\n<\/g>\n<g>\n<\/g>\n<g>\n<\/g>\n<g>\n<\/g>\n<g>\n<\/g>\n<g>\n<\/g>\n<g>\n<\/g>\n<g>\n<\/g>\n<g>\n<\/g>\n<g>\n<\/g>\n<\/svg>\t\t\t\t<\/span>\n\t\t\t<\/div>\n\t\t\t\t\t\t<div class=\"elementor-icon-box-content\">\n\t\t\t\t<div class=\"elementor-icon-box-title\">\n\t\t\t\t\t<span  >\n\t\t\t\t\t\tOlemme avoinna\t\t\t\t\t<\/span>\n\t\t\t\t<\/div>\n\t\t\t\t\t\t\t\t\t<p class=\"elementor-icon-box-description\">\n\t\t\t\t\t\tM \u2013 P, klo 09.00 \u2013 17.00<br>\r\nViikonloput: sopimuksen mukaan\t\t\t\t\t<\/p>\n\t\t\t\t\t\t\t<\/div>\n\t\t<\/div>\n\t\t\t\t<\/div>\n\t\t\t\t<\/div>\n\t\t\t\t<div class=\"elementor-element elementor-element-c6094d7 elementor-position-left elementor-view-default elementor-mobile-position-top elementor-vertical-align-top elementor-widget elementor-widget-icon-box\" data-id=\"c6094d7\" data-element_type=\"widget\" data-widget_type=\"icon-box.default\">\n\t\t\t\t<div class=\"elementor-widget-container\">\n\t\t\t\t\t<div class=\"elementor-icon-box-wrapper\">\n\t\t\t\t\t\t<div class=\"elementor-icon-box-icon\">\n\t\t\t\t<span  class=\"elementor-icon elementor-animation-\">\n\t\t\t\t<i aria-hidden=\"true\" class=\"fas fa-map-marker-alt\"><\/i>\t\t\t\t<\/span>\n\t\t\t<\/div>\n\t\t\t\t\t\t<div class=\"elementor-icon-box-content\">\n\t\t\t\t<div class=\"elementor-icon-box-title\">\n\t\t\t\t\t<span  >\n\t\t\t\t\t\t\t\t\t\t\t<\/span>\n\t\t\t\t<\/div>\n\t\t\t\t\t\t\t\t\t<p class=\"elementor-icon-box-description\">\n\t\t\t\t\t\tKaikki tuotteet ovat n\u00e4ht\u00e4viss\u00e4 osoitteessa Ehitajate tee 116, Tallinna, paitsi verkkokaupassa  merkinn\u00e4ll\u00e4 : \"Tilauksella!\"\t\t\t\t\t<\/p>\n\t\t\t\t\t\t\t<\/div>\n\t\t<\/div>\n\t\t\t\t<\/div>\n\t\t\t\t<\/div>\n\t\t\t\t<div class=\"elementor-element elementor-element-b3436c6 elementor-position-left elementor-widget__width-auto elementor-view-default elementor-mobile-position-top elementor-vertical-align-top elementor-widget elementor-widget-icon-box\" data-id=\"b3436c6\" data-element_type=\"widget\" data-widget_type=\"icon-box.default\">\n\t\t\t\t<div class=\"elementor-widget-container\">\n\t\t\t\t\t<div class=\"elementor-icon-box-wrapper\">\n\t\t\t\t\t\t<div class=\"elementor-icon-box-icon\">\n\t\t\t\t<span  class=\"elementor-icon elementor-animation-\">\n\t\t\t\t<i aria-hidden=\"true\" class=\"fas fa-phone-alt\"><\/i>\t\t\t\t<\/span>\n\t\t\t<\/div>\n\t\t\t\t\t\t<div class=\"elementor-icon-box-content\">\n\t\t\t\t<div class=\"elementor-icon-box-title\">\n\t\t\t\t\t<span  >\n\t\t\t\t\t\tErik Laats\t\t\t\t\t<\/span>\n\t\t\t\t<\/div>\n\t\t\t\t\t\t\t\t\t<p class=\"elementor-icon-box-description\">\n\t\t\t\t\t\t+372 5132 250<br>\r\n<a href=\"mailto:erik@seaway.ee\">erik@seaway.ee<\/a>\t\t\t\t\t<\/p>\n\t\t\t\t\t\t\t<\/div>\n\t\t<\/div>\n\t\t\t\t<\/div>\n\t\t\t\t<\/div>\n\t\t\t\t<div class=\"elementor-element elementor-element-9107eb6 elementor-position-left elementor-widget__width-auto elementor-view-default elementor-mobile-position-top elementor-vertical-align-top elementor-widget elementor-widget-icon-box\" data-id=\"9107eb6\" data-element_type=\"widget\" data-widget_type=\"icon-box.default\">\n\t\t\t\t<div class=\"elementor-widget-container\">\n\t\t\t\t\t<div class=\"elementor-icon-box-wrapper\">\n\t\t\t\t\t\t<div class=\"elementor-icon-box-icon\">\n\t\t\t\t<span  class=\"elementor-icon elementor-animation-\">\n\t\t\t\t<i aria-hidden=\"true\" class=\"fas fa-phone-alt\"><\/i>\t\t\t\t<\/span>\n\t\t\t<\/div>\n\t\t\t\t\t\t<div class=\"elementor-icon-box-content\">\n\t\t\t\t<div class=\"elementor-icon-box-title\">\n\t\t\t\t\t<span  >\n\t\t\t\t\t\tIngmar Laats\t\t\t\t\t<\/span>\n\t\t\t\t<\/div>\n\t\t\t\t\t\t\t\t\t<p class=\"elementor-icon-box-description\">\n\t\t\t\t\t\t+372 5807 0656<br>\r\n<a href=\"mailto:ingmar@seaway.ee\">ingmar@seaway.ee<\/a>\t\t\t\t\t<\/p>\n\t\t\t\t\t\t\t<\/div>\n\t\t<\/div>\n\t\t\t\t<\/div>\n\t\t\t\t<\/div>\n\t\t\t\t<div class=\"elementor-element elementor-element-f82a93b elementor-vertical-align-top elementor-widget elementor-widget-icon-box\" data-id=\"f82a93b\" data-element_type=\"widget\" data-widget_type=\"icon-box.default\">\n\t\t\t\t<div class=\"elementor-widget-container\">\n\t\t\t\t\t<div class=\"elementor-icon-box-wrapper\">\n\t\t\t\t\t\t<div class=\"elementor-icon-box-content\">\n\t\t\t\t<div class=\"elementor-icon-box-title\">\n\t\t\t\t\t<span  >\n\t\t\t\t\t\t\t\t\t\t\t<\/span>\n\t\t\t\t<\/div>\n\t\t\t\t\t\t\t\t\t<p class=\"elementor-icon-box-description\">\n\t\t\t\t\t\t \t\t\t\t\t<\/p>\n\t\t\t\t\t\t\t<\/div>\n\t\t<\/div>\n\t\t\t\t<\/div>\n\t\t\t\t<\/div>\n\t\t\t\t<div class=\"elementor-element elementor-element-d698c7b elementor-position-left elementor-view-default elementor-mobile-position-top elementor-vertical-align-top elementor-widget elementor-widget-icon-box\" data-id=\"d698c7b\" data-element_type=\"widget\" data-widget_type=\"icon-box.default\">\n\t\t\t\t<div class=\"elementor-widget-container\">\n\t\t\t\t\t<div class=\"elementor-icon-box-wrapper\">\n\t\t\t\t\t\t<div class=\"elementor-icon-box-icon\">\n\t\t\t\t<span  class=\"elementor-icon elementor-animation-\">\n\t\t\t\t<svg xmlns=\"http:\/\/www.w3.org\/2000\/svg\" xmlns:xlink=\"http:\/\/www.w3.org\/1999\/xlink\" id=\"Capa_1\" x=\"0px\" y=\"0px\" viewBox=\"0 0 511.999 511.999\" style=\"enable-background:new 0 0 511.999 511.999;\" xml:space=\"preserve\">\n<g>\n\t<g>\n\t\t<path d=\"M409.124,63.426C368.224,22.525,313.843,0,256.001,0S143.777,22.525,102.877,63.426    c-40.901,40.902-63.426,95.282-63.426,153.123c0,117.012,110.638,214.337,170.077,266.623c8.26,7.266,15.393,13.541,21.076,18.849    c7.12,6.651,16.259,9.977,25.396,9.977c9.139,0,18.276-3.326,25.397-9.977c5.683-5.309,12.816-11.583,21.076-18.849    c59.439-52.287,170.077-149.611,170.077-266.623C472.549,158.708,450.025,104.328,409.124,63.426z M282.663,460.654    c-8.441,7.425-15.73,13.838-21.74,19.451c-2.761,2.577-7.085,2.578-9.847,0c-6.009-5.615-13.299-12.027-21.74-19.452    c-55.88-49.155-159.895-140.654-159.895-244.103c0-102.868,83.689-186.557,186.558-186.557    c102.868,0,186.557,83.689,186.557,186.557C442.557,319.999,338.543,411.498,282.663,460.654z\"><\/path>\n\t<\/g>\n<\/g>\n<g>\n\t<g>\n\t\t<path d=\"M256.001,112.938c-52.621,0-95.431,42.809-95.431,95.43s42.81,95.43,95.431,95.43s95.43-42.809,95.43-95.43    S308.622,112.938,256.001,112.938z M256.001,273.805c-36.083,0-65.439-29.356-65.439-65.438s29.356-65.438,65.439-65.438    s65.438,29.356,65.438,65.438S292.084,273.805,256.001,273.805z\"><\/path>\n\t<\/g>\n<\/g>\n<g>\n<\/g>\n<g>\n<\/g>\n<g>\n<\/g>\n<g>\n<\/g>\n<g>\n<\/g>\n<g>\n<\/g>\n<g>\n<\/g>\n<g>\n<\/g>\n<g>\n<\/g>\n<g>\n<\/g>\n<g>\n<\/g>\n<g>\n<\/g>\n<g>\n<\/g>\n<g>\n<\/g>\n<g>\n<\/g>\n<\/svg>\t\t\t\t<\/span>\n\t\t\t<\/div>\n\t\t\t\t\t\t<div class=\"elementor-icon-box-content\">\n\t\t\t\t<div class=\"elementor-icon-box-title\">\n\t\t\t\t\t<span  >\n\t\t\t\t\t\t.\t\t\t\t\t<\/span>\n\t\t\t\t<\/div>\n\t\t\t\t\t\t\t\t\t<p class=\"elementor-icon-box-description\">\n\t\t\t\t\t\t.\r\n\t\t\t\t\t<\/p>\n\t\t\t\t\t\t\t<\/div>\n\t\t<\/div>\n\t\t\t\t<\/div>\n\t\t\t\t<\/div>\n\t\t\t\t\t<\/div>\n\t\t<\/div>\n\t\t\t\t<div class=\"elementor-column elementor-col-50 elementor-top-column elementor-element elementor-element-7487a1e\" data-id=\"7487a1e\" data-element_type=\"column\" data-settings=\"{&quot;background_background&quot;:&quot;classic&quot;}\">\n\t\t\t<div class=\"elementor-widget-wrap elementor-element-populated\">\n\t\t\t\t\t\t\t\t<div class=\"elementor-element elementor-element-d16c103 elementor-widget elementor-widget-heading\" data-id=\"d16c103\" data-element_type=\"widget\" data-widget_type=\"heading.default\">\n\t\t\t\t<div class=\"elementor-widget-container\">\n\t\t\t<h2 class=\"elementor-heading-title elementor-size-default\">Lis\u00e4tiedot<\/h2>\t\t<\/div>\n\t\t\t\t<\/div>\n\t\t\t\t<div class=\"elementor-element elementor-element-e3f2770 elementor-widget elementor-widget-shortcode\" data-id=\"e3f2770\" data-element_type=\"widget\" data-widget_type=\"shortcode.default\">\n\t\t\t\t<div class=\"elementor-widget-container\">\n\t\t\t\t\t<div class=\"elementor-shortcode\">\n<div class=\"wpcf7 no-js\" id=\"wpcf7-f185-o1\" lang=\"et-EE\" dir=\"ltr\">\n<div class=\"screen-reader-response\"><p role=\"status\" aria-live=\"polite\" aria-atomic=\"true\"><\/p> <ul><\/ul><\/div>\n<form action=\"\/fi\/wp-json\/wp\/v2\/pages\/19800#wpcf7-f185-o1\" method=\"post\" class=\"wpcf7-form init\" aria-label=\"Contact form\" novalidate=\"novalidate\" data-status=\"init\">\n<div style=\"display: none;\">\n<input type=\"hidden\" name=\"_wpcf7\" value=\"185\" \/>\n<input type=\"hidden\" name=\"_wpcf7_version\" value=\"5.7.7\" \/>\n<input type=\"hidden\" name=\"_wpcf7_locale\" value=\"et_EE\" \/>\n<input type=\"hidden\" name=\"_wpcf7_unit_tag\" value=\"wpcf7-f185-o1\" \/>\n<input type=\"hidden\" name=\"_wpcf7_container_post\" value=\"0\" \/>\n<input type=\"hidden\" name=\"_wpcf7_posted_data_hash\" value=\"\" \/>\n<input type=\"hidden\" name=\"_wpcf7_recaptcha_response\" value=\"\" \/>\n<\/div>\n<div class=\"vorm\">\n<span class=\"wpcf7-form-control-wrap\" data-name=\"your-name\"><input size=\"40\" class=\"wpcf7-form-control wpcf7-text wpcf7-validates-as-required\" aria-required=\"true\" aria-invalid=\"false\" placeholder=\"Sinu nimi\" value=\"\" type=\"text\" name=\"your-name\" \/><\/span>\n<span class=\"wpcf7-form-control-wrap\" data-name=\"your-email\"><input size=\"40\" class=\"wpcf7-form-control wpcf7-text wpcf7-email wpcf7-validates-as-required wpcf7-validates-as-email\" aria-required=\"true\" aria-invalid=\"false\" placeholder=\"Sinu e-mail\" value=\"\" type=\"email\" name=\"your-email\" \/><\/span>\n<span class=\"wpcf7-form-control-wrap\" data-name=\"your-message\"><textarea cols=\"40\" rows=\"10\" class=\"wpcf7-form-control wpcf7-textarea wpcf7-validates-as-required\" aria-required=\"true\" aria-invalid=\"false\" placeholder=\"Sinu kiri\" name=\"your-message\"><\/textarea><\/span>\n<div><input class=\"wpcf7-form-control has-spinner wpcf7-submit\" type=\"submit\" value=\"Saada\" \/><\/div>\n<\/div><div class=\"wpcf7-response-output\" aria-hidden=\"true\"><\/div>\n<\/form>\n<\/div>\n<\/div>\n\t\t\t\t<\/div>\n\t\t\t\t<\/div>\n\t\t\t\t\t<\/div>\n\t\t<\/div>\n\t\t\t\t\t\t\t<\/div>\n\t\t<\/section>\n\t\t\t\t<section class=\"elementor-section elementor-top-section elementor-element elementor-element-237e30c elementor-section-full_width elementor-section-stretched elementor-section-height-default elementor-section-height-default\" data-id=\"237e30c\" data-element_type=\"section\" data-settings=\"{&quot;stretch_section&quot;:&quot;section-stretched&quot;}\">\n\t\t\t\t\t\t<div class=\"elementor-container elementor-column-gap-default\">\n\t\t\t\t\t<div class=\"elementor-column elementor-col-100 elementor-top-column elementor-element elementor-element-901d729\" data-id=\"901d729\" data-element_type=\"column\">\n\t\t\t<div class=\"elementor-widget-wrap elementor-element-populated\">\n\t\t\t\t\t\t\t\t<div class=\"elementor-element elementor-element-1ae5ea3 elementor-widget elementor-widget-google_maps\" data-id=\"1ae5ea3\" data-element_type=\"widget\" data-widget_type=\"google_maps.default\">\n\t\t\t\t<div class=\"elementor-widget-container\">\n\t\t\t<style>\/*! elementor - v3.16.0 - 20-09-2023 *\/\n.elementor-widget-google_maps .elementor-widget-container{overflow:hidden}.elementor-widget-google_maps .elementor-custom-embed{line-height:0}.elementor-widget-google_maps iframe{height:300px}<\/style>\t\t<div class=\"elementor-custom-embed\">\n\t\t\t<iframe loading=\"lazy\"\n\t\t\t\t\tsrc=\"https:\/\/maps.google.com\/maps?q=Ehitajate%20tee%20116&#038;t=m&#038;z=15&#038;output=embed&#038;iwloc=near\"\n\t\t\t\t\ttitle=\"Ehitajate tee 116\"\n\t\t\t\t\taria-label=\"Ehitajate tee 116\"\n\t\t\t><\/iframe>\n\t\t<\/div>\n\t\t\t\t<\/div>\n\t\t\t\t<\/div>\n\t\t\t\t\t<\/div>\n\t\t<\/div>\n\t\t\t\t\t\t\t<\/div>\n\t\t<\/section>\n\t\t\t\t\t\t\t<\/div>\n\t\t","protected":false},"excerpt":{"rendered":"<p>Ota rohkeasti yhteytt\u00e4 Olemme avoinna M \u2013 P, klo 09.00 \u2013 17.00 Viikonloput: sopimuksen mukaan Kaikki tuotteet ovat n\u00e4ht\u00e4viss\u00e4 osoitteessa Ehitajate tee 116, Tallinna, paitsi verkkokaupassa merkinn\u00e4ll\u00e4 : &#8220;Tilauksella!&#8221; Erik Laats +372 5132 250 erik@seaway.ee Ingmar Laats +372 5807 0656 ingmar@seaway.ee . . Lis\u00e4tiedot<\/p>\n","protected":false},"author":4,"featured_media":0,"parent":0,"menu_order":4,"comment_status":"closed","ping_status":"closed","template":"","meta":{"_mi_skip_tracking":false,"_monsterinsights_sitenote_active":false,"_monsterinsights_sitenote_note":"","_monsterinsights_sitenote_category":0},"acf":[],"yoast_head":"<!-- This site is optimized with the Yoast SEO plugin v20.6 - https:\/\/yoast.com\/wordpress\/plugins\/seo\/ -->\n<title>Yhteystiedot - Seaway Clothing<\/title>\n<meta name=\"robots\" content=\"noindex, follow, max-snippet:-1, max-image-preview:large, max-video-preview:-1\" \/>\n<meta property=\"og:locale\" content=\"fi_FI\" \/>\n<meta property=\"og:type\" content=\"article\" \/>\n<meta property=\"og:title\" content=\"Yhteystiedot - Seaway Clothing\" \/>\n<meta property=\"og:description\" content=\"Ota rohkeasti yhteytt\u00e4 Olemme avoinna M \u2013 P, klo 09.00 \u2013 17.00 Viikonloput: sopimuksen mukaan Kaikki tuotteet ovat n\u00e4ht\u00e4viss\u00e4 osoitteessa Ehitajate tee 116, Tallinna, paitsi verkkokaupassa merkinn\u00e4ll\u00e4 : &#8220;Tilauksella!&#8221; Erik Laats +372 5132 250 erik@seaway.ee Ingmar Laats +372 5807 0656 ingmar@seaway.ee . . Lis\u00e4tiedot\" \/>\n<meta property=\"og:url\" content=\"https:\/\/www.seawayclothing.ee\/fi\/yhteystiedot\/\" \/>\n<meta property=\"og:site_name\" content=\"Seaway Clothing\" \/>\n<meta property=\"article:modified_time\" content=\"2021-12-30T13:18:01+00:00\" \/>\n<meta name=\"twitter:card\" content=\"summary_large_image\" \/>\n<script type=\"application\/ld+json\" class=\"yoast-schema-graph\">{\"@context\":\"https:\/\/schema.org\",\"@graph\":[{\"@type\":\"WebPage\",\"@id\":\"https:\/\/www.seawayclothing.ee\/fi\/yhteystiedot\/\",\"url\":\"https:\/\/www.seawayclothing.ee\/fi\/yhteystiedot\/\",\"name\":\"Yhteystiedot - Seaway Clothing\",\"isPartOf\":{\"@id\":\"https:\/\/www.seawayclothing.ee\/fi\/#website\"},\"datePublished\":\"2021-12-30T12:11:18+00:00\",\"dateModified\":\"2021-12-30T13:18:01+00:00\",\"breadcrumb\":{\"@id\":\"https:\/\/www.seawayclothing.ee\/fi\/yhteystiedot\/#breadcrumb\"},\"inLanguage\":\"fi-FI\",\"potentialAction\":[{\"@type\":\"ReadAction\",\"target\":[\"https:\/\/www.seawayclothing.ee\/fi\/yhteystiedot\/\"]}]},{\"@type\":\"BreadcrumbList\",\"@id\":\"https:\/\/www.seawayclothing.ee\/fi\/yhteystiedot\/#breadcrumb\",\"itemListElement\":[{\"@type\":\"ListItem\",\"position\":1,\"name\":\"Kotisivu\",\"item\":\"https:\/\/www.seawayclothing.ee\/fi\/\"},{\"@type\":\"ListItem\",\"position\":2,\"name\":\"Yhteystiedot\"}]},{\"@type\":\"WebSite\",\"@id\":\"https:\/\/www.seawayclothing.ee\/fi\/#website\",\"url\":\"https:\/\/www.seawayclothing.ee\/fi\/\",\"name\":\"Seaway Clothing\",\"description\":\"\",\"publisher\":{\"@id\":\"https:\/\/www.seawayclothing.ee\/fi\/#organization\"},\"potentialAction\":[{\"@type\":\"SearchAction\",\"target\":{\"@type\":\"EntryPoint\",\"urlTemplate\":\"https:\/\/www.seawayclothing.ee\/fi\/?s={search_term_string}\"},\"query-input\":\"required name=search_term_string\"}],\"inLanguage\":\"fi-FI\"},{\"@type\":\"Organization\",\"@id\":\"https:\/\/www.seawayclothing.ee\/fi\/#organization\",\"name\":\"Seaway Clothing\",\"url\":\"https:\/\/www.seawayclothing.ee\/fi\/\",\"logo\":{\"@type\":\"ImageObject\",\"inLanguage\":\"fi-FI\",\"@id\":\"https:\/\/www.seawayclothing.ee\/fi\/#\/schema\/logo\/image\/\",\"url\":\"https:\/\/www.seawayclothing.ee\/wp-content\/uploads\/2021\/12\/cropped-logo.white_.png\",\"contentUrl\":\"https:\/\/www.seawayclothing.ee\/wp-content\/uploads\/2021\/12\/cropped-logo.white_.png\",\"width\":500,\"height\":189,\"caption\":\"Seaway Clothing\"},\"image\":{\"@id\":\"https:\/\/www.seawayclothing.ee\/fi\/#\/schema\/logo\/image\/\"}}]}<\/script>\n<!-- \/ Yoast SEO plugin. -->","yoast_head_json":{"title":"Yhteystiedot - Seaway Clothing","robots":{"index":"noindex","follow":"follow","max-snippet":"max-snippet:-1","max-image-preview":"max-image-preview:large","max-video-preview":"max-video-preview:-1"},"og_locale":"fi_FI","og_type":"article","og_title":"Yhteystiedot - Seaway Clothing","og_description":"Ota rohkeasti yhteytt\u00e4 Olemme avoinna M \u2013 P, klo 09.00 \u2013 17.00 Viikonloput: sopimuksen mukaan Kaikki tuotteet ovat n\u00e4ht\u00e4viss\u00e4 osoitteessa Ehitajate tee 116, Tallinna, paitsi verkkokaupassa merkinn\u00e4ll\u00e4 : &#8220;Tilauksella!&#8221; Erik Laats +372 5132 250 erik@seaway.ee Ingmar Laats +372 5807 0656 ingmar@seaway.ee . . Lis\u00e4tiedot","og_url":"https:\/\/www.seawayclothing.ee\/fi\/yhteystiedot\/","og_site_name":"Seaway Clothing","article_modified_time":"2021-12-30T13:18:01+00:00","twitter_card":"summary_large_image","schema":{"@context":"https:\/\/schema.org","@graph":[{"@type":"WebPage","@id":"https:\/\/www.seawayclothing.ee\/fi\/yhteystiedot\/","url":"https:\/\/www.seawayclothing.ee\/fi\/yhteystiedot\/","name":"Yhteystiedot - Seaway Clothing","isPartOf":{"@id":"https:\/\/www.seawayclothing.ee\/fi\/#website"},"datePublished":"2021-12-30T12:11:18+00:00","dateModified":"2021-12-30T13:18:01+00:00","breadcrumb":{"@id":"https:\/\/www.seawayclothing.ee\/fi\/yhteystiedot\/#breadcrumb"},"inLanguage":"fi-FI","potentialAction":[{"@type":"ReadAction","target":["https:\/\/www.seawayclothing.ee\/fi\/yhteystiedot\/"]}]},{"@type":"BreadcrumbList","@id":"https:\/\/www.seawayclothing.ee\/fi\/yhteystiedot\/#breadcrumb","itemListElement":[{"@type":"ListItem","position":1,"name":"Kotisivu","item":"https:\/\/www.seawayclothing.ee\/fi\/"},{"@type":"ListItem","position":2,"name":"Yhteystiedot"}]},{"@type":"WebSite","@id":"https:\/\/www.seawayclothing.ee\/fi\/#website","url":"https:\/\/www.seawayclothing.ee\/fi\/","name":"Seaway Clothing","description":"","publisher":{"@id":"https:\/\/www.seawayclothing.ee\/fi\/#organization"},"potentialAction":[{"@type":"SearchAction","target":{"@type":"EntryPoint","urlTemplate":"https:\/\/www.seawayclothing.ee\/fi\/?s={search_term_string}"},"query-input":"required name=search_term_string"}],"inLanguage":"fi-FI"},{"@type":"Organization","@id":"https:\/\/www.seawayclothing.ee\/fi\/#organization","name":"Seaway Clothing","url":"https:\/\/www.seawayclothing.ee\/fi\/","logo":{"@type":"ImageObject","inLanguage":"fi-FI","@id":"https:\/\/www.seawayclothing.ee\/fi\/#\/schema\/logo\/image\/","url":"https:\/\/www.seawayclothing.ee\/wp-content\/uploads\/2021\/12\/cropped-logo.white_.png","contentUrl":"https:\/\/www.seawayclothing.ee\/wp-content\/uploads\/2021\/12\/cropped-logo.white_.png","width":500,"height":189,"caption":"Seaway Clothing"},"image":{"@id":"https:\/\/www.seawayclothing.ee\/fi\/#\/schema\/logo\/image\/"}}]}},"_links":{"self":[{"href":"https:\/\/www.seawayclothing.ee\/fi\/wp-json\/wp\/v2\/pages\/19800"}],"collection":[{"href":"https:\/\/www.seawayclothing.ee\/fi\/wp-json\/wp\/v2\/pages"}],"about":[{"href":"https:\/\/www.seawayclothing.ee\/fi\/wp-json\/wp\/v2\/types\/page"}],"author":[{"embeddable":true,"href":"https:\/\/www.seawayclothing.ee\/fi\/wp-json\/wp\/v2\/users\/4"}],"replies":[{"embeddable":true,"href":"https:\/\/www.seawayclothing.ee\/fi\/wp-json\/wp\/v2\/comments?post=19800"}],"version-history":[{"count":14,"href":"https:\/\/www.seawayclothing.ee\/fi\/wp-json\/wp\/v2\/pages\/19800\/revisions"}],"predecessor-version":[{"id":20189,"href":"https:\/\/www.seawayclothing.ee\/fi\/wp-json\/wp\/v2\/pages\/19800\/revisions\/20189"}],"wp:attachment":[{"href":"https:\/\/www.seawayclothing.ee\/fi\/wp-json\/wp\/v2\/media?parent=19800"}],"curies":[{"name":"wp","href":"https:\/\/api.w.org\/{rel}","templated":true}]}}