{"id":19820,"date":"2021-12-14T09:33:09","date_gmt":"2021-12-14T07:33:09","guid":{"rendered":"https:\/\/www.seawayclothing.ee\/toode\/solas-pelastusrengas-atlantis\/"},"modified":"2022-01-04T18:12:57","modified_gmt":"2022-01-04T16:12:57","slug":"solas-pelastusrengas-atlantis","status":"publish","type":"product","link":"https:\/\/www.seawayclothing.ee\/fi\/toode\/solas-pelastusrengas-atlantis\/","title":{"rendered":"SOLAS pelastusrengas ATLANTIS"},"content":{"rendered":"<p>Oran\u017e pol\u00fcuretaanvahuga t\u00e4idetud SOLAS p\u00e4\u00e4ster\u00f5ngas. Helkuribadega.<\/p>\n<p>Diameeter 75 cm<\/p>\n","protected":false},"excerpt":{"rendered":"<ul>\n<li>SOLAS vastav<\/li>\n<li>diameeter 75 cm<\/li>\n<li>helkurribad<\/li>\n<\/ul>\n","protected":false},"featured_media":0,"template":"","meta":{"_mi_skip_tracking":false,"_monsterinsights_sitenote_active":false,"_monsterinsights_sitenote_note":"","_monsterinsights_sitenote_category":0},"pwb-brand":[163],"product_cat":[224],"product_tag":[],"acf":[],"yoast_head":"<!-- This site is optimized with the Yoast SEO plugin v20.6 - https:\/\/yoast.com\/wordpress\/plugins\/seo\/ -->\n<title>SOLAS pelastusrengas ATLANTIS - Seaway Clothing<\/title>\n<meta name=\"robots\" content=\"noindex, follow, max-snippet:-1, max-image-preview:large, max-video-preview:-1\" \/>\n<meta property=\"og:locale\" content=\"fi_FI\" \/>\n<meta property=\"og:type\" content=\"article\" \/>\n<meta property=\"og:title\" content=\"SOLAS pelastusrengas ATLANTIS - Seaway Clothing\" \/>\n<meta property=\"og:description\" content=\"SOLAS vastav diameeter 75 cm helkurribad\" \/>\n<meta property=\"og:url\" content=\"https:\/\/www.seawayclothing.ee\/fi\/toode\/solas-pelastusrengas-atlantis\/\" \/>\n<meta property=\"og:site_name\" content=\"Seaway Clothing\" \/>\n<meta property=\"article:modified_time\" content=\"2022-01-04T16:12:57+00:00\" \/>\n<meta name=\"twitter:card\" content=\"summary_large_image\" \/>\n<script type=\"application\/ld+json\" class=\"yoast-schema-graph\">{\"@context\":\"https:\/\/schema.org\",\"@graph\":[{\"@type\":\"WebPage\",\"@id\":\"https:\/\/www.seawayclothing.ee\/fi\/toode\/solas-pelastusrengas-atlantis\/\",\"url\":\"https:\/\/www.seawayclothing.ee\/fi\/toode\/solas-pelastusrengas-atlantis\/\",\"name\":\"SOLAS pelastusrengas ATLANTIS - Seaway Clothing\",\"isPartOf\":{\"@id\":\"https:\/\/www.seawayclothing.ee\/fi\/#website\"},\"datePublished\":\"2021-12-14T07:33:09+00:00\",\"dateModified\":\"2022-01-04T16:12:57+00:00\",\"breadcrumb\":{\"@id\":\"https:\/\/www.seawayclothing.ee\/fi\/toode\/solas-pelastusrengas-atlantis\/#breadcrumb\"},\"inLanguage\":\"fi-FI\",\"potentialAction\":[{\"@type\":\"ReadAction\",\"target\":[\"https:\/\/www.seawayclothing.ee\/fi\/toode\/solas-pelastusrengas-atlantis\/\"]}]},{\"@type\":\"BreadcrumbList\",\"@id\":\"https:\/\/www.seawayclothing.ee\/fi\/toode\/solas-pelastusrengas-atlantis\/#breadcrumb\",\"itemListElement\":[{\"@type\":\"ListItem\",\"position\":1,\"name\":\"Kotisivu\",\"item\":\"https:\/\/www.seawayclothing.ee\/fi\/\"},{\"@type\":\"ListItem\",\"position\":2,\"name\":\"Tuotteet\",\"item\":\"https:\/\/www.seawayclothing.ee\/fi\/shop-2\/\"},{\"@type\":\"ListItem\",\"position\":3,\"name\":\"SOLAS pelastusrengas ATLANTIS\"}]},{\"@type\":\"WebSite\",\"@id\":\"https:\/\/www.seawayclothing.ee\/fi\/#website\",\"url\":\"https:\/\/www.seawayclothing.ee\/fi\/\",\"name\":\"Seaway Clothing\",\"description\":\"\",\"publisher\":{\"@id\":\"https:\/\/www.seawayclothing.ee\/fi\/#organization\"},\"potentialAction\":[{\"@type\":\"SearchAction\",\"target\":{\"@type\":\"EntryPoint\",\"urlTemplate\":\"https:\/\/www.seawayclothing.ee\/fi\/?s={search_term_string}\"},\"query-input\":\"required name=search_term_string\"}],\"inLanguage\":\"fi-FI\"},{\"@type\":\"Organization\",\"@id\":\"https:\/\/www.seawayclothing.ee\/fi\/#organization\",\"name\":\"Seaway Clothing\",\"url\":\"https:\/\/www.seawayclothing.ee\/fi\/\",\"logo\":{\"@type\":\"ImageObject\",\"inLanguage\":\"fi-FI\",\"@id\":\"https:\/\/www.seawayclothing.ee\/fi\/#\/schema\/logo\/image\/\",\"url\":\"https:\/\/www.seawayclothing.ee\/wp-content\/uploads\/2021\/12\/cropped-logo.white_.png\",\"contentUrl\":\"https:\/\/www.seawayclothing.ee\/wp-content\/uploads\/2021\/12\/cropped-logo.white_.png\",\"width\":500,\"height\":189,\"caption\":\"Seaway Clothing\"},\"image\":{\"@id\":\"https:\/\/www.seawayclothing.ee\/fi\/#\/schema\/logo\/image\/\"}}]}<\/script>\n<!-- \/ Yoast SEO plugin. -->","yoast_head_json":{"title":"SOLAS pelastusrengas ATLANTIS - Seaway Clothing","robots":{"index":"noindex","follow":"follow","max-snippet":"max-snippet:-1","max-image-preview":"max-image-preview:large","max-video-preview":"max-video-preview:-1"},"og_locale":"fi_FI","og_type":"article","og_title":"SOLAS pelastusrengas ATLANTIS - Seaway Clothing","og_description":"SOLAS vastav diameeter 75 cm helkurribad","og_url":"https:\/\/www.seawayclothing.ee\/fi\/toode\/solas-pelastusrengas-atlantis\/","og_site_name":"Seaway Clothing","article_modified_time":"2022-01-04T16:12:57+00:00","twitter_card":"summary_large_image","schema":{"@context":"https:\/\/schema.org","@graph":[{"@type":"WebPage","@id":"https:\/\/www.seawayclothing.ee\/fi\/toode\/solas-pelastusrengas-atlantis\/","url":"https:\/\/www.seawayclothing.ee\/fi\/toode\/solas-pelastusrengas-atlantis\/","name":"SOLAS pelastusrengas ATLANTIS - Seaway Clothing","isPartOf":{"@id":"https:\/\/www.seawayclothing.ee\/fi\/#website"},"datePublished":"2021-12-14T07:33:09+00:00","dateModified":"2022-01-04T16:12:57+00:00","breadcrumb":{"@id":"https:\/\/www.seawayclothing.ee\/fi\/toode\/solas-pelastusrengas-atlantis\/#breadcrumb"},"inLanguage":"fi-FI","potentialAction":[{"@type":"ReadAction","target":["https:\/\/www.seawayclothing.ee\/fi\/toode\/solas-pelastusrengas-atlantis\/"]}]},{"@type":"BreadcrumbList","@id":"https:\/\/www.seawayclothing.ee\/fi\/toode\/solas-pelastusrengas-atlantis\/#breadcrumb","itemListElement":[{"@type":"ListItem","position":1,"name":"Kotisivu","item":"https:\/\/www.seawayclothing.ee\/fi\/"},{"@type":"ListItem","position":2,"name":"Tuotteet","item":"https:\/\/www.seawayclothing.ee\/fi\/shop-2\/"},{"@type":"ListItem","position":3,"name":"SOLAS pelastusrengas ATLANTIS"}]},{"@type":"WebSite","@id":"https:\/\/www.seawayclothing.ee\/fi\/#website","url":"https:\/\/www.seawayclothing.ee\/fi\/","name":"Seaway Clothing","description":"","publisher":{"@id":"https:\/\/www.seawayclothing.ee\/fi\/#organization"},"potentialAction":[{"@type":"SearchAction","target":{"@type":"EntryPoint","urlTemplate":"https:\/\/www.seawayclothing.ee\/fi\/?s={search_term_string}"},"query-input":"required name=search_term_string"}],"inLanguage":"fi-FI"},{"@type":"Organization","@id":"https:\/\/www.seawayclothing.ee\/fi\/#organization","name":"Seaway Clothing","url":"https:\/\/www.seawayclothing.ee\/fi\/","logo":{"@type":"ImageObject","inLanguage":"fi-FI","@id":"https:\/\/www.seawayclothing.ee\/fi\/#\/schema\/logo\/image\/","url":"https:\/\/www.seawayclothing.ee\/wp-content\/uploads\/2021\/12\/cropped-logo.white_.png","contentUrl":"https:\/\/www.seawayclothing.ee\/wp-content\/uploads\/2021\/12\/cropped-logo.white_.png","width":500,"height":189,"caption":"Seaway Clothing"},"image":{"@id":"https:\/\/www.seawayclothing.ee\/fi\/#\/schema\/logo\/image\/"}}]}},"brands":[{"id":163,"name":"ATLANTIS","slug":"atlantis"}],"_links":{"self":[{"href":"https:\/\/www.seawayclothing.ee\/fi\/wp-json\/wp\/v2\/product\/19820"}],"collection":[{"href":"https:\/\/www.seawayclothing.ee\/fi\/wp-json\/wp\/v2\/product"}],"about":[{"href":"https:\/\/www.seawayclothing.ee\/fi\/wp-json\/wp\/v2\/types\/product"}],"wp:attachment":[{"href":"https:\/\/www.seawayclothing.ee\/fi\/wp-json\/wp\/v2\/media?parent=19820"}],"wp:term":[{"taxonomy":"pwb-brand","embeddable":true,"href":"https:\/\/www.seawayclothing.ee\/fi\/wp-json\/wp\/v2\/pwb-brand?post=19820"},{"taxonomy":"product_cat","embeddable":true,"href":"https:\/\/www.seawayclothing.ee\/fi\/wp-json\/wp\/v2\/product_cat?post=19820"},{"taxonomy":"product_tag","embeddable":true,"href":"https:\/\/www.seawayclothing.ee\/fi\/wp-json\/wp\/v2\/product_tag?post=19820"}],"curies":[{"name":"wp","href":"https:\/\/api.w.org\/{rel}","templated":true}]}}