{"id":20314,"date":"2013-06-07T11:00:28","date_gmt":"2013-06-07T11:00:28","guid":{"rendered":"https:\/\/www.seawayclothing.ee\/toode\/sportline954\/"},"modified":"2013-06-07T11:00:28","modified_gmt":"2013-06-07T11:00:28","slug":"sportline954","status":"publish","type":"product","link":"https:\/\/www.seawayclothing.ee\/fi\/toode\/sportline954\/","title":{"rendered":"Sportline 954"},"content":{"rendered":"<p style=\"text-align: center;\">Sportline 954 on kergeim ujuv\u00fclikond mis on turul m\u00fc\u00fcgis, samuti on see mugav ning omab ujuvusabi 50N.<\/p>\n<h4>P\u00f5hiomadused:<\/h4>\n<ul>\n<li>Tuulekindel<\/li>\n<li>Vett h\u00fclgav v\u00e4liskangas<\/li>\n<li>Teibitud topelt \u00f5mblused<\/li>\n<li>Regelueeritavad k\u00e4ise otsad<\/li>\n<li>Ventilatsiooniavad lukuga<\/li>\n<li>Neoonkollane kapuuts<\/li>\n<li>P\u00e4\u00e4stevesti kinnituskohad<\/li>\n<li>ID-kaardi tasku<\/li>\n<li>Tikandi v\u00f5imalus \u2013 nt. logo<\/li>\n<li>V\u00f6\u00f6aasad<\/li>\n<li>Vile ja D-r\u00f5ngas<\/li>\n<li>Sooja pidav<\/li>\n<li>Helkurid<\/li>\n<\/ul>\n","protected":false},"excerpt":{"rendered":"<p>Toote kood: 2222<\/p>\n<ul>\n<li><strong>Ujuvus: <\/strong>65N (L)<\/li>\n<li><b>Suurused<\/b>: XS, M<\/li>\n<li><b>V\u00e4rvus<\/b>: Must\/Neoonkollane<\/li>\n<li><b>Kaal<\/b>: Ca. 1,4 kg (L)<\/li>\n<li><b>Standard<\/b>: ISO 12402-5\/6 50N, EN 15027-1:2002 clause 4.11, Class D -Thermal Protection<br \/>\n<img class=\"alignnone size-full wp-image-418\" src=\"https:\/\/www.seawayclothing.ee\/wp-content\/uploads\/2017\/02\/92B7E967E85440FD9A022DA8971E6202-1.jpg\" alt=\"\" width=\"214\" height=\"113\" \/><\/li>\n<\/ul>\n","protected":false},"featured_media":20270,"template":"","meta":{"_mi_skip_tracking":false,"_monsterinsights_sitenote_active":false,"_monsterinsights_sitenote_note":"","_monsterinsights_sitenote_category":0},"pwb-brand":[],"product_cat":[215,220],"product_tag":[],"acf":[],"yoast_head":"<!-- This site is optimized with the Yoast SEO plugin v20.6 - https:\/\/yoast.com\/wordpress\/plugins\/seo\/ -->\n<title>Sportline 954 - Seaway Clothing<\/title>\n<meta name=\"robots\" content=\"noindex, follow, max-snippet:-1, max-image-preview:large, max-video-preview:-1\" \/>\n<meta property=\"og:locale\" content=\"fi_FI\" \/>\n<meta property=\"og:type\" content=\"article\" \/>\n<meta property=\"og:title\" content=\"Sportline 954 - Seaway Clothing\" \/>\n<meta property=\"og:description\" content=\"Toote kood: 2222   Ujuvus: 65N (L)  Suurused: XS, M  V\u00e4rvus: Must\/Neoonkollane  Kaal: Ca. 1,4 kg (L)  Standard: ISO 12402-5\/6 50N, EN 15027-1:2002 clause 4.11, Class D -Thermal Protection\" \/>\n<meta property=\"og:url\" content=\"https:\/\/www.seawayclothing.ee\/fi\/toode\/sportline954\/\" \/>\n<meta property=\"og:site_name\" content=\"Seaway Clothing\" \/>\n<meta name=\"twitter:card\" content=\"summary_large_image\" \/>\n<script type=\"application\/ld+json\" class=\"yoast-schema-graph\">{\"@context\":\"https:\/\/schema.org\",\"@graph\":[{\"@type\":\"WebPage\",\"@id\":\"https:\/\/www.seawayclothing.ee\/fi\/toode\/sportline954\/\",\"url\":\"https:\/\/www.seawayclothing.ee\/fi\/toode\/sportline954\/\",\"name\":\"Sportline 954 - Seaway Clothing\",\"isPartOf\":{\"@id\":\"https:\/\/www.seawayclothing.ee\/fi\/#website\"},\"datePublished\":\"2013-06-07T11:00:28+00:00\",\"dateModified\":\"2013-06-07T11:00:28+00:00\",\"breadcrumb\":{\"@id\":\"https:\/\/www.seawayclothing.ee\/fi\/toode\/sportline954\/#breadcrumb\"},\"inLanguage\":\"fi-FI\",\"potentialAction\":[{\"@type\":\"ReadAction\",\"target\":[\"https:\/\/www.seawayclothing.ee\/fi\/toode\/sportline954\/\"]}]},{\"@type\":\"BreadcrumbList\",\"@id\":\"https:\/\/www.seawayclothing.ee\/fi\/toode\/sportline954\/#breadcrumb\",\"itemListElement\":[{\"@type\":\"ListItem\",\"position\":1,\"name\":\"Kotisivu\",\"item\":\"https:\/\/www.seawayclothing.ee\/fi\/\"},{\"@type\":\"ListItem\",\"position\":2,\"name\":\"Tuotteet\",\"item\":\"https:\/\/www.seawayclothing.ee\/fi\/shop-2\/\"},{\"@type\":\"ListItem\",\"position\":3,\"name\":\"Sportline 954\"}]},{\"@type\":\"WebSite\",\"@id\":\"https:\/\/www.seawayclothing.ee\/fi\/#website\",\"url\":\"https:\/\/www.seawayclothing.ee\/fi\/\",\"name\":\"Seaway Clothing\",\"description\":\"\",\"publisher\":{\"@id\":\"https:\/\/www.seawayclothing.ee\/fi\/#organization\"},\"potentialAction\":[{\"@type\":\"SearchAction\",\"target\":{\"@type\":\"EntryPoint\",\"urlTemplate\":\"https:\/\/www.seawayclothing.ee\/fi\/?s={search_term_string}\"},\"query-input\":\"required name=search_term_string\"}],\"inLanguage\":\"fi-FI\"},{\"@type\":\"Organization\",\"@id\":\"https:\/\/www.seawayclothing.ee\/fi\/#organization\",\"name\":\"Seaway Clothing\",\"url\":\"https:\/\/www.seawayclothing.ee\/fi\/\",\"logo\":{\"@type\":\"ImageObject\",\"inLanguage\":\"fi-FI\",\"@id\":\"https:\/\/www.seawayclothing.ee\/fi\/#\/schema\/logo\/image\/\",\"url\":\"https:\/\/www.seawayclothing.ee\/wp-content\/uploads\/2021\/12\/cropped-logo.white_.png\",\"contentUrl\":\"https:\/\/www.seawayclothing.ee\/wp-content\/uploads\/2021\/12\/cropped-logo.white_.png\",\"width\":500,\"height\":189,\"caption\":\"Seaway Clothing\"},\"image\":{\"@id\":\"https:\/\/www.seawayclothing.ee\/fi\/#\/schema\/logo\/image\/\"}}]}<\/script>\n<!-- \/ Yoast SEO plugin. -->","yoast_head_json":{"title":"Sportline 954 - Seaway Clothing","robots":{"index":"noindex","follow":"follow","max-snippet":"max-snippet:-1","max-image-preview":"max-image-preview:large","max-video-preview":"max-video-preview:-1"},"og_locale":"fi_FI","og_type":"article","og_title":"Sportline 954 - Seaway Clothing","og_description":"Toote kood: 2222   Ujuvus: 65N (L)  Suurused: XS, M  V\u00e4rvus: Must\/Neoonkollane  Kaal: Ca. 1,4 kg (L)  Standard: ISO 12402-5\/6 50N, EN 15027-1:2002 clause 4.11, Class D -Thermal Protection","og_url":"https:\/\/www.seawayclothing.ee\/fi\/toode\/sportline954\/","og_site_name":"Seaway Clothing","twitter_card":"summary_large_image","schema":{"@context":"https:\/\/schema.org","@graph":[{"@type":"WebPage","@id":"https:\/\/www.seawayclothing.ee\/fi\/toode\/sportline954\/","url":"https:\/\/www.seawayclothing.ee\/fi\/toode\/sportline954\/","name":"Sportline 954 - Seaway Clothing","isPartOf":{"@id":"https:\/\/www.seawayclothing.ee\/fi\/#website"},"datePublished":"2013-06-07T11:00:28+00:00","dateModified":"2013-06-07T11:00:28+00:00","breadcrumb":{"@id":"https:\/\/www.seawayclothing.ee\/fi\/toode\/sportline954\/#breadcrumb"},"inLanguage":"fi-FI","potentialAction":[{"@type":"ReadAction","target":["https:\/\/www.seawayclothing.ee\/fi\/toode\/sportline954\/"]}]},{"@type":"BreadcrumbList","@id":"https:\/\/www.seawayclothing.ee\/fi\/toode\/sportline954\/#breadcrumb","itemListElement":[{"@type":"ListItem","position":1,"name":"Kotisivu","item":"https:\/\/www.seawayclothing.ee\/fi\/"},{"@type":"ListItem","position":2,"name":"Tuotteet","item":"https:\/\/www.seawayclothing.ee\/fi\/shop-2\/"},{"@type":"ListItem","position":3,"name":"Sportline 954"}]},{"@type":"WebSite","@id":"https:\/\/www.seawayclothing.ee\/fi\/#website","url":"https:\/\/www.seawayclothing.ee\/fi\/","name":"Seaway Clothing","description":"","publisher":{"@id":"https:\/\/www.seawayclothing.ee\/fi\/#organization"},"potentialAction":[{"@type":"SearchAction","target":{"@type":"EntryPoint","urlTemplate":"https:\/\/www.seawayclothing.ee\/fi\/?s={search_term_string}"},"query-input":"required name=search_term_string"}],"inLanguage":"fi-FI"},{"@type":"Organization","@id":"https:\/\/www.seawayclothing.ee\/fi\/#organization","name":"Seaway Clothing","url":"https:\/\/www.seawayclothing.ee\/fi\/","logo":{"@type":"ImageObject","inLanguage":"fi-FI","@id":"https:\/\/www.seawayclothing.ee\/fi\/#\/schema\/logo\/image\/","url":"https:\/\/www.seawayclothing.ee\/wp-content\/uploads\/2021\/12\/cropped-logo.white_.png","contentUrl":"https:\/\/www.seawayclothing.ee\/wp-content\/uploads\/2021\/12\/cropped-logo.white_.png","width":500,"height":189,"caption":"Seaway Clothing"},"image":{"@id":"https:\/\/www.seawayclothing.ee\/fi\/#\/schema\/logo\/image\/"}}]}},"brands":[],"_links":{"self":[{"href":"https:\/\/www.seawayclothing.ee\/fi\/wp-json\/wp\/v2\/product\/20314"}],"collection":[{"href":"https:\/\/www.seawayclothing.ee\/fi\/wp-json\/wp\/v2\/product"}],"about":[{"href":"https:\/\/www.seawayclothing.ee\/fi\/wp-json\/wp\/v2\/types\/product"}],"wp:featuredmedia":[{"embeddable":true,"href":"https:\/\/www.seawayclothing.ee\/fi\/wp-json\/wp\/v2\/media\/20270"}],"wp:attachment":[{"href":"https:\/\/www.seawayclothing.ee\/fi\/wp-json\/wp\/v2\/media?parent=20314"}],"wp:term":[{"taxonomy":"pwb-brand","embeddable":true,"href":"https:\/\/www.seawayclothing.ee\/fi\/wp-json\/wp\/v2\/pwb-brand?post=20314"},{"taxonomy":"product_cat","embeddable":true,"href":"https:\/\/www.seawayclothing.ee\/fi\/wp-json\/wp\/v2\/product_cat?post=20314"},{"taxonomy":"product_tag","embeddable":true,"href":"https:\/\/www.seawayclothing.ee\/fi\/wp-json\/wp\/v2\/product_tag?post=20314"}],"curies":[{"name":"wp","href":"https:\/\/api.w.org\/{rel}","templated":true}]}}