{"id":22472,"date":"2022-02-03T14:29:06","date_gmt":"2022-02-24T14:39:08","guid":{"rendered":"https:\/\/www.seawayclothing.ee\/?post_type=product&#038;p=22472"},"modified":"2022-02-24T16:39:08","modified_gmt":"2022-02-24T14:39:08","slug":"naiste-kuivulikond-helix-latex","status":"publish","type":"product","link":"https:\/\/www.seawayclothing.ee\/fi\/toode\/naiste-kuivulikond-helix-latex\/","title":{"rendered":"Naisten kuivapuku HELIX LATEX"},"content":{"rendered":"<p>MUSTANG SURVIVAL naiste HELIX LATEX lateksist kaela- ja randmetihenditega veekindel kuiv\u00fclikond. Valmistatud kolmekihilisest Marinespec BP kangast. \u00a0500D condura materjalist istmiku, p\u00f5lvede ja sokitaldade tugevdus lisab \u00fclikonnale vastupidavust, veekindlust ning t\u00f6\u00f6kindlust. Kaela ja randemete latsekstihendid on kaetud kangast \u00e4\u00e4ristega, et kaitsta ja tagada tihendite vastupidavus. YKK\u00ae AQUASEAL\u00ae lukk tagab veekindluse ja teeb riietumise, ventileerimise ning kergendamise h\u00f5lpsaks. Regular FIT l\u00f5ige ja liigendatud p\u00f5lved annavad \u00fclikonnas liikumisvabaduse. Lihtsalt eemaldatavad p\u00f5lvekaitsmed pakuvad lisakaistet p\u00f5lvedele. MUSTANG SURVIVAL naiste kuiv\u00fclikond HELIX LATEX \u00a0lateks kaelusega kuiv\u00fclikond on disainitud, valmistatud ja testitud Kanadas, Briti Columbias, asuvas allveestuudios.<\/p>\n<p>MUSTANG SURVIVAL naiste kuiv\u00fclikond HELIX LAETX muudab k\u00f5ik veega seotud tegevused meeldivaks iga ilmaga!<\/p>\n","protected":false},"excerpt":{"rendered":"<ul>\n<li>Naiste kuiv\u00fclikond Helix Latex on lateksist kaela- ja randmetihenditega.<\/li>\n<li>Kolmekihiline MarineSpec BP kangas- vastupidav, veekindel, hingav.<\/li>\n<li>500D Cordura\u00ae tugevdusega istmik, p\u00f5lved ja sokitallas.<\/li>\n<li>K\u00e4rbitavad lateks kaela- ja randmetihnedid.<\/li>\n<li>ACT (Agile Comfort Technology)\u00a0Sisemised traksid aitavad hoida kuiv\u00fclikonna kaalu.<\/li>\n<li>Liigendatud p\u00f5lved.<\/li>\n<li>Eemaldatavad kerged p\u00f5lvekaitsmed.<\/li>\n<li>Veekindel YKK\u00ae AQUASEAL\u00ae lukk.<\/li>\n<li>Veekindlate YKK\u00ae AQUAGUARD\u00ae lukkudega taskud.<\/li>\n<li>Regular fit<\/li>\n<\/ul>\n","protected":false},"featured_media":22425,"template":"","meta":{"_mi_skip_tracking":false,"_monsterinsights_sitenote_active":false,"_monsterinsights_sitenote_note":"","_monsterinsights_sitenote_category":0},"pwb-brand":[157],"product_cat":[232,291,215,218],"product_tag":[],"acf":[],"yoast_head":"<!-- This site is optimized with the Yoast SEO plugin v20.6 - https:\/\/yoast.com\/wordpress\/plugins\/seo\/ -->\n<title>Naisten kuivapuku HELIX LATEX - Seaway Clothing<\/title>\n<meta name=\"robots\" content=\"noindex, follow, max-snippet:-1, max-image-preview:large, max-video-preview:-1\" \/>\n<meta property=\"og:locale\" content=\"fi_FI\" \/>\n<meta property=\"og:type\" content=\"article\" \/>\n<meta property=\"og:title\" content=\"Naisten kuivapuku HELIX LATEX - Seaway Clothing\" \/>\n<meta property=\"og:description\" content=\"Naiste kuiv\u00fclikond Helix Latex on lateksist kaela- ja randmetihenditega. Kolmekihiline MarineSpec BP kangas- vastupidav, veekindel, hingav. 500D Cordura\u00ae tugevdusega istmik, p\u00f5lved ja sokitallas. K\u00e4rbitavad lateks kaela- ja randmetihnedid. ACT (Agile Comfort Technology)\u00a0Sisemised traksid aitavad hoida kuiv\u00fclikonna kaalu. Liigendatud p\u00f5lved. Eemaldatavad kerged p\u00f5lvekaitsmed. Veekindel YKK\u00ae AQUASEAL\u00ae lukk. Veekindlate YKK\u00ae AQUAGUARD\u00ae lukkudega taskud. Regular fit\" \/>\n<meta property=\"og:url\" content=\"https:\/\/www.seawayclothing.ee\/fi\/toode\/naiste-kuivulikond-helix-latex\/\" \/>\n<meta property=\"og:site_name\" content=\"Seaway Clothing\" \/>\n<meta property=\"og:image\" content=\"https:\/\/www.seawayclothing.ee\/wp-content\/uploads\/2022\/02\/helix5.jpg\" \/>\n\t<meta property=\"og:image:width\" content=\"720\" \/>\n\t<meta property=\"og:image:height\" content=\"720\" \/>\n\t<meta property=\"og:image:type\" content=\"image\/jpeg\" \/>\n<meta name=\"twitter:card\" content=\"summary_large_image\" \/>\n<meta name=\"twitter:label1\" content=\"Est. reading time\" \/>\n\t<meta name=\"twitter:data1\" content=\"1 minute\" \/>\n<script type=\"application\/ld+json\" class=\"yoast-schema-graph\">{\"@context\":\"https:\/\/schema.org\",\"@graph\":[{\"@type\":\"WebPage\",\"@id\":\"https:\/\/www.seawayclothing.ee\/fi\/toode\/naiste-kuivulikond-helix-latex\/\",\"url\":\"https:\/\/www.seawayclothing.ee\/fi\/toode\/naiste-kuivulikond-helix-latex\/\",\"name\":\"Naisten kuivapuku HELIX LATEX - Seaway Clothing\",\"isPartOf\":{\"@id\":\"https:\/\/www.seawayclothing.ee\/fi\/#website\"},\"datePublished\":\"2022-02-24T14:39:08+00:00\",\"dateModified\":\"2022-02-24T14:39:08+00:00\",\"breadcrumb\":{\"@id\":\"https:\/\/www.seawayclothing.ee\/fi\/toode\/naiste-kuivulikond-helix-latex\/#breadcrumb\"},\"inLanguage\":\"fi-FI\",\"potentialAction\":[{\"@type\":\"ReadAction\",\"target\":[\"https:\/\/www.seawayclothing.ee\/fi\/toode\/naiste-kuivulikond-helix-latex\/\"]}]},{\"@type\":\"BreadcrumbList\",\"@id\":\"https:\/\/www.seawayclothing.ee\/fi\/toode\/naiste-kuivulikond-helix-latex\/#breadcrumb\",\"itemListElement\":[{\"@type\":\"ListItem\",\"position\":1,\"name\":\"Kotisivu\",\"item\":\"https:\/\/www.seawayclothing.ee\/fi\/\"},{\"@type\":\"ListItem\",\"position\":2,\"name\":\"Tuotteet\",\"item\":\"https:\/\/www.seawayclothing.ee\/fi\/shop-2\/\"},{\"@type\":\"ListItem\",\"position\":3,\"name\":\"Naisten kuivapuku HELIX LATEX\"}]},{\"@type\":\"WebSite\",\"@id\":\"https:\/\/www.seawayclothing.ee\/fi\/#website\",\"url\":\"https:\/\/www.seawayclothing.ee\/fi\/\",\"name\":\"Seaway Clothing\",\"description\":\"\",\"publisher\":{\"@id\":\"https:\/\/www.seawayclothing.ee\/fi\/#organization\"},\"potentialAction\":[{\"@type\":\"SearchAction\",\"target\":{\"@type\":\"EntryPoint\",\"urlTemplate\":\"https:\/\/www.seawayclothing.ee\/fi\/?s={search_term_string}\"},\"query-input\":\"required name=search_term_string\"}],\"inLanguage\":\"fi-FI\"},{\"@type\":\"Organization\",\"@id\":\"https:\/\/www.seawayclothing.ee\/fi\/#organization\",\"name\":\"Seaway Clothing\",\"url\":\"https:\/\/www.seawayclothing.ee\/fi\/\",\"logo\":{\"@type\":\"ImageObject\",\"inLanguage\":\"fi-FI\",\"@id\":\"https:\/\/www.seawayclothing.ee\/fi\/#\/schema\/logo\/image\/\",\"url\":\"https:\/\/www.seawayclothing.ee\/wp-content\/uploads\/2021\/12\/cropped-logo.white_.png\",\"contentUrl\":\"https:\/\/www.seawayclothing.ee\/wp-content\/uploads\/2021\/12\/cropped-logo.white_.png\",\"width\":500,\"height\":189,\"caption\":\"Seaway Clothing\"},\"image\":{\"@id\":\"https:\/\/www.seawayclothing.ee\/fi\/#\/schema\/logo\/image\/\"}}]}<\/script>\n<!-- \/ Yoast SEO plugin. -->","yoast_head_json":{"title":"Naisten kuivapuku HELIX LATEX - Seaway Clothing","robots":{"index":"noindex","follow":"follow","max-snippet":"max-snippet:-1","max-image-preview":"max-image-preview:large","max-video-preview":"max-video-preview:-1"},"og_locale":"fi_FI","og_type":"article","og_title":"Naisten kuivapuku HELIX LATEX - Seaway Clothing","og_description":"Naiste kuiv\u00fclikond Helix Latex on lateksist kaela- ja randmetihenditega. Kolmekihiline MarineSpec BP kangas- vastupidav, veekindel, hingav. 500D Cordura\u00ae tugevdusega istmik, p\u00f5lved ja sokitallas. K\u00e4rbitavad lateks kaela- ja randmetihnedid. ACT (Agile Comfort Technology)\u00a0Sisemised traksid aitavad hoida kuiv\u00fclikonna kaalu. Liigendatud p\u00f5lved. Eemaldatavad kerged p\u00f5lvekaitsmed. Veekindel YKK\u00ae AQUASEAL\u00ae lukk. Veekindlate YKK\u00ae AQUAGUARD\u00ae lukkudega taskud. Regular fit","og_url":"https:\/\/www.seawayclothing.ee\/fi\/toode\/naiste-kuivulikond-helix-latex\/","og_site_name":"Seaway Clothing","og_image":[{"width":720,"height":720,"url":"https:\/\/www.seawayclothing.ee\/wp-content\/uploads\/2022\/02\/helix5.jpg","type":"image\/jpeg"}],"twitter_card":"summary_large_image","twitter_misc":{"Est. reading time":"1 minute"},"schema":{"@context":"https:\/\/schema.org","@graph":[{"@type":"WebPage","@id":"https:\/\/www.seawayclothing.ee\/fi\/toode\/naiste-kuivulikond-helix-latex\/","url":"https:\/\/www.seawayclothing.ee\/fi\/toode\/naiste-kuivulikond-helix-latex\/","name":"Naisten kuivapuku HELIX LATEX - Seaway Clothing","isPartOf":{"@id":"https:\/\/www.seawayclothing.ee\/fi\/#website"},"datePublished":"2022-02-24T14:39:08+00:00","dateModified":"2022-02-24T14:39:08+00:00","breadcrumb":{"@id":"https:\/\/www.seawayclothing.ee\/fi\/toode\/naiste-kuivulikond-helix-latex\/#breadcrumb"},"inLanguage":"fi-FI","potentialAction":[{"@type":"ReadAction","target":["https:\/\/www.seawayclothing.ee\/fi\/toode\/naiste-kuivulikond-helix-latex\/"]}]},{"@type":"BreadcrumbList","@id":"https:\/\/www.seawayclothing.ee\/fi\/toode\/naiste-kuivulikond-helix-latex\/#breadcrumb","itemListElement":[{"@type":"ListItem","position":1,"name":"Kotisivu","item":"https:\/\/www.seawayclothing.ee\/fi\/"},{"@type":"ListItem","position":2,"name":"Tuotteet","item":"https:\/\/www.seawayclothing.ee\/fi\/shop-2\/"},{"@type":"ListItem","position":3,"name":"Naisten kuivapuku HELIX LATEX"}]},{"@type":"WebSite","@id":"https:\/\/www.seawayclothing.ee\/fi\/#website","url":"https:\/\/www.seawayclothing.ee\/fi\/","name":"Seaway Clothing","description":"","publisher":{"@id":"https:\/\/www.seawayclothing.ee\/fi\/#organization"},"potentialAction":[{"@type":"SearchAction","target":{"@type":"EntryPoint","urlTemplate":"https:\/\/www.seawayclothing.ee\/fi\/?s={search_term_string}"},"query-input":"required name=search_term_string"}],"inLanguage":"fi-FI"},{"@type":"Organization","@id":"https:\/\/www.seawayclothing.ee\/fi\/#organization","name":"Seaway Clothing","url":"https:\/\/www.seawayclothing.ee\/fi\/","logo":{"@type":"ImageObject","inLanguage":"fi-FI","@id":"https:\/\/www.seawayclothing.ee\/fi\/#\/schema\/logo\/image\/","url":"https:\/\/www.seawayclothing.ee\/wp-content\/uploads\/2021\/12\/cropped-logo.white_.png","contentUrl":"https:\/\/www.seawayclothing.ee\/wp-content\/uploads\/2021\/12\/cropped-logo.white_.png","width":500,"height":189,"caption":"Seaway Clothing"},"image":{"@id":"https:\/\/www.seawayclothing.ee\/fi\/#\/schema\/logo\/image\/"}}]}},"brands":[{"id":157,"name":"MUSTANG SURVIVAL","slug":"mustang"}],"_links":{"self":[{"href":"https:\/\/www.seawayclothing.ee\/fi\/wp-json\/wp\/v2\/product\/22472"}],"collection":[{"href":"https:\/\/www.seawayclothing.ee\/fi\/wp-json\/wp\/v2\/product"}],"about":[{"href":"https:\/\/www.seawayclothing.ee\/fi\/wp-json\/wp\/v2\/types\/product"}],"wp:featuredmedia":[{"embeddable":true,"href":"https:\/\/www.seawayclothing.ee\/fi\/wp-json\/wp\/v2\/media\/22425"}],"wp:attachment":[{"href":"https:\/\/www.seawayclothing.ee\/fi\/wp-json\/wp\/v2\/media?parent=22472"}],"wp:term":[{"taxonomy":"pwb-brand","embeddable":true,"href":"https:\/\/www.seawayclothing.ee\/fi\/wp-json\/wp\/v2\/pwb-brand?post=22472"},{"taxonomy":"product_cat","embeddable":true,"href":"https:\/\/www.seawayclothing.ee\/fi\/wp-json\/wp\/v2\/product_cat?post=22472"},{"taxonomy":"product_tag","embeddable":true,"href":"https:\/\/www.seawayclothing.ee\/fi\/wp-json\/wp\/v2\/product_tag?post=22472"}],"curies":[{"name":"wp","href":"https:\/\/api.w.org\/{rel}","templated":true}]}}